{"id":752,"date":"2018-01-07T15:21:08","date_gmt":"2018-01-07T15:21:08","guid":{"rendered":"https:\/\/www.noshout.fi\/shop\/product\/rapide\/"},"modified":"2018-02-06T17:18:38","modified_gmt":"2018-02-06T17:18:38","slug":"rapide","status":"publish","type":"product","link":"https:\/\/www.noshout.fi\/sv\/produkt\/rapide\/","title":{"rendered":"Rapide"},"content":{"rendered":"<p>F\u00f6r ryttaren \u00e4r apparaten mycket l\u00e4tt att anv\u00e4nda p.g.a att den \u00e4r helt tr\u00e5dl\u00f6s!<br \/>\nApparaten har en utm\u00e4rkt t\u00e4ckning samt ett kristallklart ljud.<br \/>\nTill s\u00e4ndaren kan anslutas ett obegr\u00e4nsat antal mottagare, s\u00e5 anordningen \u00e4r \u00e4ven idealiskt l\u00e4mpad f\u00f6r anv\u00e4ndning av st\u00f6rre grupper.<\/p>\n<p>\u00d6ronsn\u00e4ckan har ett l\u00f6stagbart \u00f6ronskydd vilket kan bytas eller putsas, samt en \u00f6ronhake som kan formas individuellt efter olika \u00f6ron, vilket g\u00f6r att den l\u00e4mpar sig ypperligt \u00e4ven f\u00f6r ridskolor d\u00e4r apparaterna har m\u00e5nga anv\u00e4ndare.<\/p>\n<p>Problemfri h\u00f6rbarhet vid fri sikt \u00e4r mer \u00e4n 100 meter.<br \/>\nTill det kompletta grundpaket h\u00f6r en s\u00e4ndare med klippmikrofon, en mottagare (\u00f6ronsn\u00e4cka), 5 st. extra \u00f6ronskydd och 5 st. extra \u00f6ronhakar, n\u00e4tverks- (220v) och billaddare (12V), mini och micro USB-kablar samt en praktisk f\u00f6rvaringsv\u00e4ska.<\/p>\n","protected":false},"excerpt":{"rendered":"<h5>R\u00f6stkommunikationsapparat utrustad med en mycket liten, helt tr\u00e5dl\u00f6s \u00f6ronsn\u00e4cka.<\/h5>\n","protected":false},"featured_media":407,"comment_status":"closed","ping_status":"closed","template":"","meta":[],"product_brand":[],"product_cat":[81],"product_tag":[],"class_list":{"0":"post-752","1":"product","2":"type-product","3":"status-publish","4":"has-post-thumbnail","6":"product_cat-apparater","8":"first","9":"instock","10":"taxable","11":"shipping-taxable","12":"purchasable","13":"product-type-simple"},"jetpack_sharing_enabled":true,"_links":{"self":[{"href":"https:\/\/www.noshout.fi\/sv\/wp-json\/wp\/v2\/product\/752","targetHints":{"allow":["GET"]}}],"collection":[{"href":"https:\/\/www.noshout.fi\/sv\/wp-json\/wp\/v2\/product"}],"about":[{"href":"https:\/\/www.noshout.fi\/sv\/wp-json\/wp\/v2\/types\/product"}],"replies":[{"embeddable":true,"href":"https:\/\/www.noshout.fi\/sv\/wp-json\/wp\/v2\/comments?post=752"}],"wp:featuredmedia":[{"embeddable":true,"href":"https:\/\/www.noshout.fi\/sv\/wp-json\/wp\/v2\/media\/407"}],"wp:attachment":[{"href":"https:\/\/www.noshout.fi\/sv\/wp-json\/wp\/v2\/media?parent=752"}],"wp:term":[{"taxonomy":"product_brand","embeddable":true,"href":"https:\/\/www.noshout.fi\/sv\/wp-json\/wp\/v2\/product_brand?post=752"},{"taxonomy":"product_cat","embeddable":true,"href":"https:\/\/www.noshout.fi\/sv\/wp-json\/wp\/v2\/product_cat?post=752"},{"taxonomy":"product_tag","embeddable":true,"href":"https:\/\/www.noshout.fi\/sv\/wp-json\/wp\/v2\/product_tag?post=752"}],"curies":[{"name":"wp","href":"https:\/\/api.w.org\/{rel}","templated":true}]}}