{"id":750,"date":"2018-01-07T15:21:09","date_gmt":"2018-01-07T15:21:09","guid":{"rendered":"https:\/\/www.noshout.fi\/shop\/product\/novel\/"},"modified":"2018-02-06T17:18:22","modified_gmt":"2018-02-06T17:18:22","slug":"novel","status":"publish","type":"product","link":"https:\/\/www.noshout.fi\/sv\/produkt\/novel\/","title":{"rendered":"Novel"},"content":{"rendered":"<p>Novel representerar den senaste tekniken med bl.a. inbyggd antenn.<br \/>\nAnordningen har en mycket kraftfull radiosignal och ett kristallklart ljud.<br \/>\nTill mottagaren h\u00f6r en \u00f6ronsn\u00e4cka med en kraftig l\u00e4nk som s\u00e4kerst\u00e4ller att sn\u00e4ckan sitter vid \u00f6rat \u00e4ven vid tuffare tag.<\/p>\n<p>Till s\u00e4ndaren kan anslutas ett obegr\u00e4nsat antal mottagare, s\u00e5 anordningen \u00e4r idealiskt l\u00e4mpad f\u00f6r anv\u00e4ndning \u00e4ven av st\u00f6rre grupper.<br \/>\nProblemfri h\u00f6rbarhet vid fri sikt \u00e4r mer \u00e4n 400 meter.<br \/>\nI det kompletta startpaketet ing\u00e5r en s\u00e4ndare med mikrofon, mottagare med \u00f6ronsn\u00e4cka, n\u00e4tverks- (220v) och billaddare (12v), 2 st. mini USB-kablar samt en praktisk f\u00f6rvaringsv\u00e4ska.<\/p>\n","protected":false},"excerpt":{"rendered":"<h5>Den nya generationens, extremt liten r\u00f6stkommunikationsapparat.<\/h5>\n","protected":false},"featured_media":409,"comment_status":"closed","ping_status":"closed","template":"","meta":[],"product_brand":[],"product_cat":[81],"product_tag":[],"class_list":{"0":"post-750","1":"product","2":"type-product","3":"status-publish","4":"has-post-thumbnail","6":"product_cat-apparater","8":"first","9":"instock","10":"taxable","11":"shipping-taxable","12":"purchasable","13":"product-type-simple"},"jetpack_sharing_enabled":true,"_links":{"self":[{"href":"https:\/\/www.noshout.fi\/sv\/wp-json\/wp\/v2\/product\/750","targetHints":{"allow":["GET"]}}],"collection":[{"href":"https:\/\/www.noshout.fi\/sv\/wp-json\/wp\/v2\/product"}],"about":[{"href":"https:\/\/www.noshout.fi\/sv\/wp-json\/wp\/v2\/types\/product"}],"replies":[{"embeddable":true,"href":"https:\/\/www.noshout.fi\/sv\/wp-json\/wp\/v2\/comments?post=750"}],"wp:featuredmedia":[{"embeddable":true,"href":"https:\/\/www.noshout.fi\/sv\/wp-json\/wp\/v2\/media\/409"}],"wp:attachment":[{"href":"https:\/\/www.noshout.fi\/sv\/wp-json\/wp\/v2\/media?parent=750"}],"wp:term":[{"taxonomy":"product_brand","embeddable":true,"href":"https:\/\/www.noshout.fi\/sv\/wp-json\/wp\/v2\/product_brand?post=750"},{"taxonomy":"product_cat","embeddable":true,"href":"https:\/\/www.noshout.fi\/sv\/wp-json\/wp\/v2\/product_cat?post=750"},{"taxonomy":"product_tag","embeddable":true,"href":"https:\/\/www.noshout.fi\/sv\/wp-json\/wp\/v2\/product_tag?post=750"}],"curies":[{"name":"wp","href":"https:\/\/api.w.org\/{rel}","templated":true}]}}