{"id":748,"date":"2018-01-07T15:21:09","date_gmt":"2018-01-07T15:21:09","guid":{"rendered":"https:\/\/www.noshout.fi\/shop\/product\/duo\/"},"modified":"2018-02-06T17:21:37","modified_gmt":"2018-02-06T17:21:37","slug":"duo","status":"publish","type":"product","link":"https:\/\/www.noshout.fi\/sv\/produkt\/duo\/","title":{"rendered":"Duo"},"content":{"rendered":"<p>Ryttaren kan diskutera med tr\u00e4naren genom att trycka p\u00e5 en knapp p\u00e5 headsetsladden.<\/p>\n<p>Till mottagaren och s\u00e4ndaren h\u00f6r en \u00f6ronsn\u00e4cka med kraftig l\u00e4nk som s\u00e4kerst\u00e4ller att sn\u00e4ckan sitter vid \u00f6rat \u00e4ven vid tuffare tag.<br \/>\nS\u00e4ndaren kan anslutas till ett obegr\u00e4nsat antal mottagare, s\u00e5 anordningen \u00e4r idealiskt l\u00e4mpad f\u00f6r anv\u00e4ndning \u00e4ven av st\u00f6rre grupper.<br \/>\nProblemfri h\u00f6rbarhet vid fri sikt \u00e4r mer \u00e4n 400 meter.<\/p>\n<p>Det kompletta grundpaketet inneh\u00e5ller en s\u00e4ndare med \u00f6ronsn\u00e4cka och mikrofon, mottagare med \u00f6ronsn\u00e4cka och mikrofon, n\u00e4tverks- (220v) och billaddare (12v), 2 st. mini USB-kablar samt en praktisk f\u00f6rvaringsv\u00e4ska.<\/p>\n","protected":false},"excerpt":{"rendered":"<h5>NoShout Duo \u00e4r mycket l\u00e4tt och kompakt tv\u00e5v\u00e4gskommunikationsapparat med l\u00e5ng r\u00e4ckvidd och kristallklart ljud.<\/h5>\n","protected":false},"featured_media":411,"comment_status":"closed","ping_status":"closed","template":"","meta":[],"product_brand":[],"product_cat":[81],"product_tag":[],"class_list":{"0":"post-748","1":"product","2":"type-product","3":"status-publish","4":"has-post-thumbnail","6":"product_cat-apparater","8":"first","9":"instock","10":"taxable","11":"shipping-taxable","12":"purchasable","13":"product-type-simple"},"jetpack_sharing_enabled":true,"_links":{"self":[{"href":"https:\/\/www.noshout.fi\/sv\/wp-json\/wp\/v2\/product\/748","targetHints":{"allow":["GET"]}}],"collection":[{"href":"https:\/\/www.noshout.fi\/sv\/wp-json\/wp\/v2\/product"}],"about":[{"href":"https:\/\/www.noshout.fi\/sv\/wp-json\/wp\/v2\/types\/product"}],"replies":[{"embeddable":true,"href":"https:\/\/www.noshout.fi\/sv\/wp-json\/wp\/v2\/comments?post=748"}],"wp:featuredmedia":[{"embeddable":true,"href":"https:\/\/www.noshout.fi\/sv\/wp-json\/wp\/v2\/media\/411"}],"wp:attachment":[{"href":"https:\/\/www.noshout.fi\/sv\/wp-json\/wp\/v2\/media?parent=748"}],"wp:term":[{"taxonomy":"product_brand","embeddable":true,"href":"https:\/\/www.noshout.fi\/sv\/wp-json\/wp\/v2\/product_brand?post=748"},{"taxonomy":"product_cat","embeddable":true,"href":"https:\/\/www.noshout.fi\/sv\/wp-json\/wp\/v2\/product_cat?post=748"},{"taxonomy":"product_tag","embeddable":true,"href":"https:\/\/www.noshout.fi\/sv\/wp-json\/wp\/v2\/product_tag?post=748"}],"curies":[{"name":"wp","href":"https:\/\/api.w.org\/{rel}","templated":true}]}}