{"id":746,"date":"2018-01-07T15:21:09","date_gmt":"2018-01-07T15:21:09","guid":{"rendered":"https:\/\/www.noshout.fi\/shop\/product\/oneline\/"},"modified":"2018-02-06T17:17:50","modified_gmt":"2018-02-06T17:17:50","slug":"oneline","status":"publish","type":"product","link":"https:\/\/www.noshout.fi\/sv\/produkt\/oneline\/","title":{"rendered":"OneLine"},"content":{"rendered":"<p>Ryttare och tr\u00e4nare kan kontinuerligt diskutera med varandra utan att trycka p\u00e5 n\u00e5gra knappar.<br \/>\nS\u00e4ndare och mottagare utrustade med \u00f6ronsn\u00e4ckor vilka har mycket kraftig l\u00e4nk som s\u00e4krar att sn\u00e4ckan sitter vid \u00f6rat \u00e4ven vid tuffare tag.<br \/>\nS\u00e4ndaren kan kopplas till ett obegr\u00e4nsat antal mottagare, s\u00e5 anordningen \u00e4r idealiskt l\u00e4mpad \u00e4ven f\u00f6r st\u00f6rre grupper. Vid anv\u00e4ndandet av flere mottagare b\u00f6r observeras att endast en linje kan vara \u00f6ppen \u00e5t g\u00e5ngen.<br \/>\nProblemfri h\u00f6rbarhet vid fri sikt \u00e4r mer \u00e4n 400 meter.<br \/>\nDet kompletta grundpaketet inneh\u00e5ller s\u00e4ndare med \u00f6ronsn\u00e4cka och mikrofon, mottagare med \u00f6ronsn\u00e4cka och mikrofon, n\u00e4tverks- (220V) och billaddare (12V), 2 st. mini USB- kablar samt en praktisk f\u00f6rvaringsv\u00e4ska.<\/p>\n","protected":false},"excerpt":{"rendered":"<h5>NoShout OneLine, l\u00e4tt och beh\u00e4ndig konstant \u00f6ppen tv\u00e5v\u00e4gskommunikation med l\u00e5ng r\u00e4ckvidd och kristallklart ljud.<\/h5>\n","protected":false},"featured_media":411,"comment_status":"closed","ping_status":"closed","template":"","meta":[],"product_brand":[],"product_cat":[81],"product_tag":[],"class_list":{"0":"post-746","1":"product","2":"type-product","3":"status-publish","4":"has-post-thumbnail","6":"product_cat-apparater","8":"first","9":"instock","10":"taxable","11":"shipping-taxable","12":"purchasable","13":"product-type-simple"},"jetpack_sharing_enabled":true,"_links":{"self":[{"href":"https:\/\/www.noshout.fi\/sv\/wp-json\/wp\/v2\/product\/746","targetHints":{"allow":["GET"]}}],"collection":[{"href":"https:\/\/www.noshout.fi\/sv\/wp-json\/wp\/v2\/product"}],"about":[{"href":"https:\/\/www.noshout.fi\/sv\/wp-json\/wp\/v2\/types\/product"}],"replies":[{"embeddable":true,"href":"https:\/\/www.noshout.fi\/sv\/wp-json\/wp\/v2\/comments?post=746"}],"wp:featuredmedia":[{"embeddable":true,"href":"https:\/\/www.noshout.fi\/sv\/wp-json\/wp\/v2\/media\/411"}],"wp:attachment":[{"href":"https:\/\/www.noshout.fi\/sv\/wp-json\/wp\/v2\/media?parent=746"}],"wp:term":[{"taxonomy":"product_brand","embeddable":true,"href":"https:\/\/www.noshout.fi\/sv\/wp-json\/wp\/v2\/product_brand?post=746"},{"taxonomy":"product_cat","embeddable":true,"href":"https:\/\/www.noshout.fi\/sv\/wp-json\/wp\/v2\/product_cat?post=746"},{"taxonomy":"product_tag","embeddable":true,"href":"https:\/\/www.noshout.fi\/sv\/wp-json\/wp\/v2\/product_tag?post=746"}],"curies":[{"name":"wp","href":"https:\/\/api.w.org\/{rel}","templated":true}]}}