{"id":699,"date":"2018-01-07T15:22:22","date_gmt":"2018-01-07T15:22:22","guid":{"rendered":"https:\/\/www.noshout.fi\/shop\/product\/novel-mottagar-paket\/"},"modified":"2018-02-06T17:06:59","modified_gmt":"2018-02-06T17:06:59","slug":"novel-mottagar-paket","status":"publish","type":"product","link":"https:\/\/www.noshout.fi\/sv\/produkt\/novel-mottagar-paket\/","title":{"rendered":"Novel Mottagar Paket"},"content":{"rendered":"<p>Det kompletta Novel Mottagar paketet.<\/p>\n<p>Paketet inneh\u00e5ller:<br \/>\n1st Mottagare<br \/>\n1st H\u00f6rlur<br \/>\n1st V\u00e4ggladdare<br \/>\n1st Mini-USB kabel<br \/>\n1st F\u00f6rvaringsv\u00e4ska<\/p>\n","protected":false},"excerpt":{"rendered":"<p>Det kompletta Novel Mottagar paketet.<\/p>\n<p>Paketet inneh\u00e5ller: Mottagare, H\u00f6rlur, V\u00e4ggladdare, Mini-USB kabel, F\u00f6rvaringsv\u00e4ska<\/p>\n","protected":false},"featured_media":471,"comment_status":"closed","ping_status":"closed","template":"","meta":[],"product_brand":[],"product_cat":[81],"product_tag":[],"class_list":{"0":"post-699","1":"product","2":"type-product","3":"status-publish","4":"has-post-thumbnail","6":"product_cat-apparater","8":"first","9":"instock","10":"taxable","11":"shipping-taxable","12":"purchasable","13":"product-type-simple"},"jetpack_sharing_enabled":true,"_links":{"self":[{"href":"https:\/\/www.noshout.fi\/sv\/wp-json\/wp\/v2\/product\/699","targetHints":{"allow":["GET"]}}],"collection":[{"href":"https:\/\/www.noshout.fi\/sv\/wp-json\/wp\/v2\/product"}],"about":[{"href":"https:\/\/www.noshout.fi\/sv\/wp-json\/wp\/v2\/types\/product"}],"replies":[{"embeddable":true,"href":"https:\/\/www.noshout.fi\/sv\/wp-json\/wp\/v2\/comments?post=699"}],"wp:featuredmedia":[{"embeddable":true,"href":"https:\/\/www.noshout.fi\/sv\/wp-json\/wp\/v2\/media\/471"}],"wp:attachment":[{"href":"https:\/\/www.noshout.fi\/sv\/wp-json\/wp\/v2\/media?parent=699"}],"wp:term":[{"taxonomy":"product_brand","embeddable":true,"href":"https:\/\/www.noshout.fi\/sv\/wp-json\/wp\/v2\/product_brand?post=699"},{"taxonomy":"product_cat","embeddable":true,"href":"https:\/\/www.noshout.fi\/sv\/wp-json\/wp\/v2\/product_cat?post=699"},{"taxonomy":"product_tag","embeddable":true,"href":"https:\/\/www.noshout.fi\/sv\/wp-json\/wp\/v2\/product_tag?post=699"}],"curies":[{"name":"wp","href":"https:\/\/api.w.org\/{rel}","templated":true}]}}