{"id":2431,"date":"2022-05-05T20:32:35","date_gmt":"2022-05-05T20:32:35","guid":{"rendered":"https:\/\/www.noshout.fi\/product\/sonic-tva-vags-mottagare-paket\/"},"modified":"2022-05-05T20:32:35","modified_gmt":"2022-05-05T20:32:35","slug":"sonic-tva-vags-mottagare-paket","status":"publish","type":"product","link":"https:\/\/www.noshout.fi\/sv\/produkt\/sonic-tva-vags-mottagare-paket\/","title":{"rendered":"Sonic tv\u00e5-v\u00e4gs mottagare paket"},"content":{"rendered":"<p>Sonic two-way receiver package.<\/p>\n<p>Compatible with Sonic transmitter.<\/p>\n<p>Complete set including a two-way receiver, wall charger, micro-USB cable, earplugs (5 pack), and ear hooks (2 pack).<\/p>\n<div dir=\"auto\"><\/div>\n","protected":false},"excerpt":{"rendered":"<p>Sonic tv\u00e5-v\u00e4gs mottagare paket.<\/p>\n<p>Kompatibel med Sonic s\u00e4ndare.<\/p>\n<p>Paketet inkluderar en tv\u00e5-v\u00e4gs mottagare, v\u00e4gg laddare, micro-USB kabel, \u00f6ronskydd (5st) och \u00f6ronb\u00e5gar (2st).<\/p>\n","protected":false},"featured_media":2429,"comment_status":"closed","ping_status":"closed","template":"","meta":[],"product_brand":[],"product_cat":[81],"product_tag":[],"class_list":{"0":"post-2431","1":"product","2":"type-product","3":"status-publish","4":"has-post-thumbnail","6":"product_cat-apparater","8":"first","9":"instock","10":"taxable","11":"shipping-taxable","12":"purchasable","13":"product-type-simple"},"jetpack_sharing_enabled":true,"_links":{"self":[{"href":"https:\/\/www.noshout.fi\/sv\/wp-json\/wp\/v2\/product\/2431","targetHints":{"allow":["GET"]}}],"collection":[{"href":"https:\/\/www.noshout.fi\/sv\/wp-json\/wp\/v2\/product"}],"about":[{"href":"https:\/\/www.noshout.fi\/sv\/wp-json\/wp\/v2\/types\/product"}],"replies":[{"embeddable":true,"href":"https:\/\/www.noshout.fi\/sv\/wp-json\/wp\/v2\/comments?post=2431"}],"wp:featuredmedia":[{"embeddable":true,"href":"https:\/\/www.noshout.fi\/sv\/wp-json\/wp\/v2\/media\/2429"}],"wp:attachment":[{"href":"https:\/\/www.noshout.fi\/sv\/wp-json\/wp\/v2\/media?parent=2431"}],"wp:term":[{"taxonomy":"product_brand","embeddable":true,"href":"https:\/\/www.noshout.fi\/sv\/wp-json\/wp\/v2\/product_brand?post=2431"},{"taxonomy":"product_cat","embeddable":true,"href":"https:\/\/www.noshout.fi\/sv\/wp-json\/wp\/v2\/product_cat?post=2431"},{"taxonomy":"product_tag","embeddable":true,"href":"https:\/\/www.noshout.fi\/sv\/wp-json\/wp\/v2\/product_tag?post=2431"}],"curies":[{"name":"wp","href":"https:\/\/api.w.org\/{rel}","templated":true}]}}