{"id":2079,"date":"2021-06-21T07:22:44","date_gmt":"2021-06-21T07:22:44","guid":{"rendered":"https:\/\/www.noshout.fi\/product\/sonic\/"},"modified":"2021-06-21T15:53:46","modified_gmt":"2021-06-21T15:53:46","slug":"sonic","status":"publish","type":"product","link":"https:\/\/www.noshout.fi\/sv\/produkt\/sonic\/","title":{"rendered":"Sonic"},"content":{"rendered":"<p><strong>NYHET! <\/strong>DEN MINSTA TV\u00c5V\u00c4GSMOTTAGAREN N\u00c5GONSIN P\u00c5 MARKNADEN!<\/p>\n<p>Med en totalvikt p\u00e5 endast 20 gram m\u00f6jligj\u00f6r den helt tr\u00e5dl\u00f6sa h\u00f6rsn\u00e4ckan ryttaren att kommunicera med sin tr\u00e4nare p\u00e5 ett avst\u00e5nd upp till 150 meter. Ryttaren b\u00e4r endast h\u00f6rsn\u00e4ckan och inga andra apparater beh\u00f6vs. Genom ett knapptryck kan v\u00e4ljas att ha den i tv\u00e5v\u00e4gs- eller i env\u00e4gsbruk.<\/p>\n<p>Med det inbyggda vindskyddet \u00e4r ljudet kristallklart \u00e4ven n\u00e4r du anv\u00e4nder h\u00f6rsn\u00e4ckan utomhus under bl\u00e5siga f\u00f6rh\u00e5llanden. Batteriets brinntid \u00e4r ca. tre timmar vid kontinuerligt tv\u00e5v\u00e4gsbruk och upp till \u00e5tta timmar i env\u00e4gsbruk. Att ladda det l\u00e5nglivade Li-ionbatteriet tar endast ca. en timme fr\u00e5n helt tomt till fulladdat.<\/p>\n<p>S\u00e4ndaren som anv\u00e4nds av tr\u00e4naren har en superbekv\u00e4m justerbar h\u00f6rlursmikrofon som kan b\u00e4ras utan besv\u00e4r \u00e4ven under en l\u00e4ngre tid. S\u00e4ndaren \u00e4r f\u00f6rsedd med aux-in med m\u00f6jligheten att ansluta en musikk\u00e4lla f\u00f6r att spela t.ex. kur-musik i bakgrunden av tr\u00e4nandet. Endast tr\u00e4naren och ryttaren kan h\u00f6ra musiken.<\/p>\n<p>P\u00e5 s\u00e4ndarens display kan man se batteriladdningsniv\u00e5n, mikrofonens s\u00e4ndningsniv\u00e5, ljudniv\u00e5n p\u00e5 h\u00f6rlursh\u00f6gtalaren, knappl\u00e5set samt mottagningseffekten fr\u00e5n h\u00f6rsn\u00e4ckan som anv\u00e4nds av ryttaren. Till s\u00e4ndaren kan anslutas ett obegr\u00e4nsat antal mottagare, s\u00e5 NoShout Sonic \u00e4r perfekt l\u00e4mpad \u00e4ven f\u00f6r st\u00f6rre grupper.<\/p>\n<p>Det kompletta baspaketet levereras med allt som beh\u00f6vs f\u00f6r tr\u00e4naren och en ryttare, inklusive laddare och v\u00e4ska.<\/p>\n<p>Extra mottagare kan k\u00f6pas separat. Se NoShout Sonic-mottagarpaket<\/p>\n","protected":false},"excerpt":{"rendered":"<p>NYHET! DEN MINSTA TV\u00c5V\u00c4GSMOTTAGAREN N\u00c5GONSIN P\u00c5 MARKNADEN! Med en totalvikt p\u00e5 endast 20 gram m\u00f6jligj\u00f6r den helt tr\u00e5dl\u00f6sa h\u00f6rsn\u00e4ckan ryttaren att kommunicera med sin tr\u00e4nare p\u00e5 ett avst\u00e5nd upp till 150 meter. Ryttaren b\u00e4r endast h\u00f6rsn\u00e4ckan och inga andra apparater beh\u00f6vs. Genom ett knapptryck kan v\u00e4ljas att ha den i tv\u00e5v\u00e4gs- eller i env\u00e4gsbruk. Med [&#8230;]\n","protected":false},"featured_media":2077,"comment_status":"closed","ping_status":"closed","template":"","meta":[],"product_brand":[],"product_cat":[81],"product_tag":[],"class_list":{"0":"post-2079","1":"product","2":"type-product","3":"status-publish","4":"has-post-thumbnail","6":"product_cat-apparater","8":"first","9":"instock","10":"taxable","11":"shipping-taxable","12":"purchasable","13":"product-type-simple"},"jetpack_sharing_enabled":true,"_links":{"self":[{"href":"https:\/\/www.noshout.fi\/sv\/wp-json\/wp\/v2\/product\/2079","targetHints":{"allow":["GET"]}}],"collection":[{"href":"https:\/\/www.noshout.fi\/sv\/wp-json\/wp\/v2\/product"}],"about":[{"href":"https:\/\/www.noshout.fi\/sv\/wp-json\/wp\/v2\/types\/product"}],"replies":[{"embeddable":true,"href":"https:\/\/www.noshout.fi\/sv\/wp-json\/wp\/v2\/comments?post=2079"}],"wp:featuredmedia":[{"embeddable":true,"href":"https:\/\/www.noshout.fi\/sv\/wp-json\/wp\/v2\/media\/2077"}],"wp:attachment":[{"href":"https:\/\/www.noshout.fi\/sv\/wp-json\/wp\/v2\/media?parent=2079"}],"wp:term":[{"taxonomy":"product_brand","embeddable":true,"href":"https:\/\/www.noshout.fi\/sv\/wp-json\/wp\/v2\/product_brand?post=2079"},{"taxonomy":"product_cat","embeddable":true,"href":"https:\/\/www.noshout.fi\/sv\/wp-json\/wp\/v2\/product_cat?post=2079"},{"taxonomy":"product_tag","embeddable":true,"href":"https:\/\/www.noshout.fi\/sv\/wp-json\/wp\/v2\/product_tag?post=2079"}],"curies":[{"name":"wp","href":"https:\/\/api.w.org\/{rel}","templated":true}]}}