{"id":1924,"date":"2021-02-28T20:48:57","date_gmt":"2021-02-28T20:48:57","guid":{"rendered":"https:\/\/www.noshout.fi\/product\/freestyle-beat\/"},"modified":"2021-02-28T21:19:32","modified_gmt":"2021-02-28T21:19:32","slug":"freestyle-beat","status":"publish","type":"product","link":"https:\/\/www.noshout.fi\/sv\/produkt\/freestyle-beat\/","title":{"rendered":"FreeStyle Beat"},"content":{"rendered":"<div dir=\"auto\">Rid i takt med din k\u00fcr-musik!<\/div>\n<div dir=\"auto\">\u00a0<\/div>\n<div dir=\"auto\">Nya NoShout Freestyle Beat till\u00e5ter ryttare och tr\u00e4nare att kommunicera i tv\u00e5 riktningar utan att beh\u00f6va trycka p\u00e5 knappar. Dessutom \u00e4r det m\u00f6jligt att till s\u00e4ndaren koppla t.ex. en mobiltelefon via aux-anslutningen fr\u00e5n vilken t.ex. k\u00fcr- musik kan spelas i bakgrunden av tr\u00e4narens instruktioner. Endast ryttaren och tr\u00e4naren h\u00f6r musiken.\u00a0<\/div>\n<div dir=\"auto\">Ryttaren har en mottagare med kort antenn som g\u00f6r att apparaten bekv\u00e4mt kan b\u00e4ras t. ex. p\u00e5 b\u00e4ltet eller i fickan.<\/div>\n<div dir=\"auto\">\u00a0<\/div>\n<div dir=\"auto\">Ljudkvaliten \u00e4r av toppklass och r\u00e4ckvidden l\u00e5ng (&gt;200m).<\/div>\n<div dir=\"auto\">De vadderade monoh\u00f6rlurarna \u00e4r s\u00e4rskillt bekv\u00e4ma att b\u00e4ra och de kan \u00e4ven justeras i h\u00f6jd-och sidov\u00e4g. Mikrofonen \u00e4r f\u00f6rsedd med vindskydd f\u00f6r att minska eventuellt bakgrundsljud.<\/div>\n<div dir=\"auto\">Ett obegr\u00e4nsat antal mottagare kan anslutas till s\u00e4ndaren, s\u00e5 apparaten \u00e4r \u00e4ven l\u00e4mplig f\u00f6r st\u00f6rre grupper.<\/div>\n<div dir=\"auto\">Feel the Beat!<\/div>\n<div dir=\"auto\">\u00a0<\/div>\n<div dir=\"auto\">Den kompletta leveransen inkluderar: s\u00e4ndare, mottagare, tv\u00e5 mikrofonh\u00f6rlurar, dubbel mini-usb v\u00e4ggladdare, dubbel usb billaddare, tv\u00e5 mini-usb laddningskablar, ljudkabel samt en praktisk f\u00f6rvaringsv\u00e4ska.<\/div>\n<div class=\"yj6qo\">\u00a0<\/div>\n<div class=\"adL\" dir=\"auto\">\u00a0<\/div>\n","protected":false},"excerpt":{"rendered":"<p><strong>Rid i takt med din k\u00fcr-musik!<\/strong><\/p>\n","protected":false},"featured_media":1917,"comment_status":"closed","ping_status":"closed","template":"","meta":[],"product_brand":[],"product_cat":[81],"product_tag":[],"class_list":{"0":"post-1924","1":"product","2":"type-product","3":"status-publish","4":"has-post-thumbnail","6":"product_cat-apparater","8":"first","9":"instock","10":"taxable","11":"shipping-taxable","12":"purchasable","13":"product-type-simple"},"jetpack_sharing_enabled":true,"_links":{"self":[{"href":"https:\/\/www.noshout.fi\/sv\/wp-json\/wp\/v2\/product\/1924","targetHints":{"allow":["GET"]}}],"collection":[{"href":"https:\/\/www.noshout.fi\/sv\/wp-json\/wp\/v2\/product"}],"about":[{"href":"https:\/\/www.noshout.fi\/sv\/wp-json\/wp\/v2\/types\/product"}],"replies":[{"embeddable":true,"href":"https:\/\/www.noshout.fi\/sv\/wp-json\/wp\/v2\/comments?post=1924"}],"wp:featuredmedia":[{"embeddable":true,"href":"https:\/\/www.noshout.fi\/sv\/wp-json\/wp\/v2\/media\/1917"}],"wp:attachment":[{"href":"https:\/\/www.noshout.fi\/sv\/wp-json\/wp\/v2\/media?parent=1924"}],"wp:term":[{"taxonomy":"product_brand","embeddable":true,"href":"https:\/\/www.noshout.fi\/sv\/wp-json\/wp\/v2\/product_brand?post=1924"},{"taxonomy":"product_cat","embeddable":true,"href":"https:\/\/www.noshout.fi\/sv\/wp-json\/wp\/v2\/product_cat?post=1924"},{"taxonomy":"product_tag","embeddable":true,"href":"https:\/\/www.noshout.fi\/sv\/wp-json\/wp\/v2\/product_tag?post=1924"}],"curies":[{"name":"wp","href":"https:\/\/api.w.org\/{rel}","templated":true}]}}