{"id":1134,"date":"2018-11-28T19:15:52","date_gmt":"2018-11-28T19:15:53","guid":{"rendered":"https:\/\/www.noshout.fi\/?post_type=product&#038;p=1134"},"modified":"2018-11-28T19:22:35","modified_gmt":"2018-11-28T19:22:35","slug":"sportsphone-cool-blue","status":"publish","type":"product","link":"https:\/\/www.noshout.fi\/sv\/produkt\/sportsphone-cool-blue\/","title":{"rendered":"Sportsphone (Cool Blue)"},"content":{"rendered":"<p>Mottagaren utrustad med \u201cNeckband\u201d h\u00f6rlurar vilka h\u00e5lls i \u00f6ronen med 100% s\u00e4kerhet.<br \/>\nApparaten har kristallklart ljud och en h\u00f6rbarhet i sin egen klass tack vare kraftig radiosignal och dubbla h\u00f6gtalare. Till s\u00e4ndaren kan kopplas ett obegr\u00e4nsat antal mottagare, s\u00e5 apparaten l\u00e4mpar sig utm\u00e4rkt \u00e4ven att anv\u00e4ndas av st\u00f6rre grupper. Problemfri h\u00f6rbarhet vid fri sikt \u00f6ver 250 meter.<br \/>\nDet kompletta grundpaketet inneh\u00e5ller s\u00e4ndare med mikrofon, mottagare med \u201cneckband\u201d h\u00f6rlurar samt \u00f6ronsn\u00e4cka (ej p\u00e5 bild), n\u00e4tverks- (220V) och billaddare (12V), 2 st. micro USB- kablar samt en praktisk f\u00f6rvaringsv\u00e4ska.<\/p>\n","protected":false},"excerpt":{"rendered":"<h5>F\u00f6r tuffa tag. Med integrerad antenn, extremt litet och l\u00e4tt tr\u00e4narset.<\/h5>\n","protected":false},"featured_media":1137,"comment_status":"closed","ping_status":"closed","template":"","meta":[],"product_brand":[],"product_cat":[81],"product_tag":[],"class_list":{"0":"post-1134","1":"product","2":"type-product","3":"status-publish","4":"has-post-thumbnail","6":"product_cat-apparater","8":"first","9":"instock","10":"taxable","11":"shipping-taxable","12":"purchasable","13":"product-type-simple"},"jetpack_sharing_enabled":true,"_links":{"self":[{"href":"https:\/\/www.noshout.fi\/sv\/wp-json\/wp\/v2\/product\/1134","targetHints":{"allow":["GET"]}}],"collection":[{"href":"https:\/\/www.noshout.fi\/sv\/wp-json\/wp\/v2\/product"}],"about":[{"href":"https:\/\/www.noshout.fi\/sv\/wp-json\/wp\/v2\/types\/product"}],"replies":[{"embeddable":true,"href":"https:\/\/www.noshout.fi\/sv\/wp-json\/wp\/v2\/comments?post=1134"}],"wp:featuredmedia":[{"embeddable":true,"href":"https:\/\/www.noshout.fi\/sv\/wp-json\/wp\/v2\/media\/1137"}],"wp:attachment":[{"href":"https:\/\/www.noshout.fi\/sv\/wp-json\/wp\/v2\/media?parent=1134"}],"wp:term":[{"taxonomy":"product_brand","embeddable":true,"href":"https:\/\/www.noshout.fi\/sv\/wp-json\/wp\/v2\/product_brand?post=1134"},{"taxonomy":"product_cat","embeddable":true,"href":"https:\/\/www.noshout.fi\/sv\/wp-json\/wp\/v2\/product_cat?post=1134"},{"taxonomy":"product_tag","embeddable":true,"href":"https:\/\/www.noshout.fi\/sv\/wp-json\/wp\/v2\/product_tag?post=1134"}],"curies":[{"name":"wp","href":"https:\/\/api.w.org\/{rel}","templated":true}]}}