{"id":1089,"date":"2018-10-18T12:50:43","date_gmt":"2018-10-18T12:50:43","guid":{"rendered":"https:\/\/www.noshout.fi\/product\/freestyle-x\/"},"modified":"2019-07-17T11:59:50","modified_gmt":"2019-07-17T11:59:50","slug":"freestyle-x","status":"publish","type":"product","link":"https:\/\/www.noshout.fi\/sv\/produkt\/freestyle-x\/","title":{"rendered":"Freestyle X"},"content":{"rendered":"<div class=\"_2zOpJb7ZbCN0X1DoeFyiYw JWNdg1hee9_Rz6bIGvG1c allowTextSelection\">\n<div>\n<div class=\"rps_bb23\">\n<div>\n<div dir=\"auto\">Det mest avanserade och m\u00e5ngsidiga ljudsystemet fr\u00e5n NoShout!<\/p>\n<div dir=\"auto\"><\/div>\n<div dir=\"auto\">Baspaketet levereras med en s\u00e4ndare, en tv\u00e5v\u00e4gs- och en env\u00e4gsmottagare, en duo mini-usb och en single- type-C n\u00e4tverksladdare, en dubbel- usb billaddare med beh\u00f6vliga kablar samt 3,5 mm &#8221;male to male&#8221; audio kabel. Dubbla TalkBack- h\u00f6rlurar \/ mikrofoner av h\u00f6g kvalitet samt bytesskydd och reserv\u00f6ronhakar f\u00f6r env\u00e4gsmottagaren. \u00c4ven en kragmikrofon med tv\u00e5 olika vindskydd samt en praktisk och snygg f\u00f6rvaringsv\u00e4ska medf\u00f6ljer.<\/div>\n<div dir=\"auto\"><\/div>\n<div dir=\"auto\">Systemet \u00e4r speciellt framtaget f\u00f6r dressyrtr\u00e4nare \/ -ryttare med m\u00f6jligheten att spela upp kyr-musik i bakgrunden av tr\u00e4ningen. B\u00e5de tr\u00e4naren och ryttaren kan prata p\u00e5 musiken genom tv\u00e5v\u00e4gssystemet.<\/div>\n<div dir=\"auto\">Tv\u00e5v\u00e4gssystemet har en r\u00e4ckvidd p\u00e5 ca 400 meter i \u00f6ppet utrymme.<\/div>\n<div dir=\"auto\">Till s\u00e4ndaren kan vid behov kopplas ett obegr\u00e4nsat antal env\u00e4gs- eller tv\u00e5v\u00e4gsmottagare.<\/div>\n<div dir=\"auto\">P\u00e5 s\u00e4ndarens upplysta sk\u00e4rm kan f\u00f6ljas kontaktens styrka till mottagaren, batteriets laddningsniv\u00e5, ljudstyrkan f\u00f6r h\u00f6rluren samt ljudniv\u00e5n f\u00f6r mikrofonen, kanalen.<\/div>\n<div dir=\"auto\"><\/div>\n<div dir=\"auto\">B\u00e5de tv\u00e5v\u00e4gs- och env\u00e4gsmottagarna \u00e4r f\u00f6r ryttaren mycket l\u00e4tta att anv\u00e4nda, och dessa kan med f\u00f6rdel anv\u00e4ndas av tv\u00e5 ryttare samtidigt eller t. ex. en ryttare och en \u00e5sk\u00e5dare.<\/div>\n<div dir=\"auto\"><\/div>\n<div dir=\"auto\">Tv\u00e5v\u00e4gsmottagaren har en kontunuerligt \u00f6ppen kontakt till s\u00e4ndaren vilket g\u00f6r tr\u00e4nandet enkelt d\u00e5 ryttaren inte beh\u00f6ver trycka p\u00e5 n\u00e5gra knappar f\u00f6r att kunna kommunisera\u00a0 med sin tr\u00e4nare. Apparaten har en mycket v\u00e4lsittande och bekv\u00e4m h\u00f6rsn\u00e4cka med mikrofon, fantastisk ljudkvalitet och \u00e4r l\u00e4tt i vikt. Mottagaren kan \u00e4ven kopplas till en b\u00e4rbar h\u00f6gtalare eller ett h\u00f6gtalarsystem vid klinik eller om \u00e5sk\u00e5darna beh\u00f6ver h\u00f6ra.\u00a0P\u00e5 mottagarens upplysta sk\u00e4rm kan f\u00f6ljas kontaktens styrka till s\u00e4ndaren, batteriets laddningsniv\u00e5, ljudstyrkan f\u00f6r h\u00f6rluren samt ljudniv\u00e5n f\u00f6r mikrofonen, kanalen.<\/div>\n<div dir=\"auto\"><\/div>\n<div dir=\"auto\">Env\u00e4gsmottagaren v\u00e4ger endast 16 gram!<\/div>\n<div dir=\"auto\">Har en r\u00e4ckvidd p\u00e5 ca 150 meter i \u00f6ppet utrymme och fantastisk ljudkvalitet. Mycket l\u00e4mplig att anv\u00e4ndas i tr\u00e4ning d\u00e5 svarsfunktion inte beh\u00f6vs.<\/div>\n<div dir=\"auto\"><\/div>\n<div dir=\"auto\">FreeStyleX ljudsystemet kan \u00e4ven anv\u00e4ndas till tr\u00e4ning n\u00e4r tr\u00e4naren befinner sig p\u00e5 annan ort genom uppkoppling till mobiltelefon eller tablet och Skype eller FaceTime.<\/div>\n<div dir=\"auto\"><\/div>\n<div dir=\"auto\">Utf\u00f6rlig bruksanvisning medf\u00f6ljer f\u00f6r att maximalt kunna utnyttja systemet.<\/div>\n<\/div>\n<\/div>\n<\/div>\n<\/div>\n<\/div>\n","protected":false},"excerpt":{"rendered":"<p>Det mest avanserade och m\u00e5ngsidiga ljudsystemet fr\u00e5n NoShout! Baspaketet levereras med en s\u00e4ndare, en tv\u00e5v\u00e4gs- och en env\u00e4gsmottagare, en duo mini-usb och en single- type-C n\u00e4tverksladdare, en dubbel- usb billaddare med beh\u00f6vliga kablar samt 3,5 mm &#8221;male to male&#8221; audio kabel. Dubbla TalkBack- h\u00f6rlurar \/ mikrofoner av h\u00f6g kvalitet samt bytesskydd och reserv\u00f6ronhakar f\u00f6r env\u00e4gsmottagaren. [&#8230;]\n","protected":false},"featured_media":1087,"comment_status":"closed","ping_status":"closed","template":"","meta":[],"product_brand":[],"product_cat":[81],"product_tag":[],"class_list":{"0":"post-1089","1":"product","2":"type-product","3":"status-publish","4":"has-post-thumbnail","6":"product_cat-apparater","8":"first","9":"instock","10":"taxable","11":"shipping-taxable","12":"purchasable","13":"product-type-simple"},"jetpack_sharing_enabled":true,"_links":{"self":[{"href":"https:\/\/www.noshout.fi\/sv\/wp-json\/wp\/v2\/product\/1089","targetHints":{"allow":["GET"]}}],"collection":[{"href":"https:\/\/www.noshout.fi\/sv\/wp-json\/wp\/v2\/product"}],"about":[{"href":"https:\/\/www.noshout.fi\/sv\/wp-json\/wp\/v2\/types\/product"}],"replies":[{"embeddable":true,"href":"https:\/\/www.noshout.fi\/sv\/wp-json\/wp\/v2\/comments?post=1089"}],"wp:featuredmedia":[{"embeddable":true,"href":"https:\/\/www.noshout.fi\/sv\/wp-json\/wp\/v2\/media\/1087"}],"wp:attachment":[{"href":"https:\/\/www.noshout.fi\/sv\/wp-json\/wp\/v2\/media?parent=1089"}],"wp:term":[{"taxonomy":"product_brand","embeddable":true,"href":"https:\/\/www.noshout.fi\/sv\/wp-json\/wp\/v2\/product_brand?post=1089"},{"taxonomy":"product_cat","embeddable":true,"href":"https:\/\/www.noshout.fi\/sv\/wp-json\/wp\/v2\/product_cat?post=1089"},{"taxonomy":"product_tag","embeddable":true,"href":"https:\/\/www.noshout.fi\/sv\/wp-json\/wp\/v2\/product_tag?post=1089"}],"curies":[{"name":"wp","href":"https:\/\/api.w.org\/{rel}","templated":true}]}}