{"id":774,"date":"2018-01-27T11:44:46","date_gmt":"2018-01-27T11:44:46","guid":{"rendered":"https:\/\/www.noshout.fi\/shop\/regler-vilkor\/"},"modified":"2018-01-27T11:46:44","modified_gmt":"2018-01-27T11:46:44","slug":"regler-vilkor","status":"publish","type":"page","link":"https:\/\/www.noshout.fi\/sv\/regler-vilkor\/","title":{"rendered":"Regler &#038; Vilkor"},"content":{"rendered":"<div class=\"row\"  id=\"row-357808848\">\n\n\t<div id=\"col-1163392246\" class=\"col small-12 large-12\"  >\n\t\t\t\t<div class=\"col-inner\"  >\n\t\t\t\n\t\t\t\n<a href=\"http:\/\/www.noshout.fi\/shop\/elements\/pages\/payment-shipping\/?lang=sv\" class=\"button primary is-underline\" >\n\t\t<span>Betalning &amp; Frakt<\/span>\n\t<\/a>\n\n<a href=\"http:\/\/www.noshout.fi\/shop\/elements\/pages\/terms-conditions\/?lang=sv\" class=\"button primary is-underline\" >\n\t\t<span>Regler &amp; Vilkor<\/span>\n\t<\/a>\n\n<a href=\"http:\/\/www.noshout.fi\/shop\/elements\/pages\/returns-warranty\/?lang=sv\" class=\"button primary is-underline\" >\n\t\t<span>Returnering &amp; Garanti<\/span>\n\t<\/a>\n\n<div class=\"container section-title-container\" ><h3 class=\"section-title section-title-normal\"><b aria-hidden=\"true\"><\/b><span class=\"section-title-main\" >Regler och vilkor<\/span><b aria-hidden=\"true\"><\/b><\/h3><\/div>\n<p>F\u00f6r privatpersoner ing\u00e5r moms 24% i alla priser. Betalning sker mot kortbetalning. Betala med Visa, Mastercard, American Express mm. tryggt och s\u00e4kert direkt efter best\u00e4llning. Dina kortuppgifter s\u00e4nds direkt till bank och kan inte l\u00e4sas av n\u00e5gon annan. Inga extra avgifter f\u00f6r kortbetalningar. Vi anv\u00e4nder Klarna och Paypal betalningssystem, vilka m\u00f6jligg\u00f6r betalning med de flesta kreditkort. Willn\u00e4s Ab \/ NoShout f\u00f6rbeh\u00e5ller sig r\u00e4tten att \u00e4ndra priser, felaktiga priser och slutf\u00f6rs\u00e4ljning. Till f\u00f6retag anges moms separat (netto + moms). Moms \u00e4r 24%.<\/p>\n<p><strong>Leverans och Avbest\u00e4llning<\/strong><\/p>\n<p>Ordering\u00e5ngen vid middagstid. 12:00 p\u00e5 m\u00e5ndag till fredag kommer att behandlas samma dag, f\u00f6r leverans inom 1-14 dagar. Ordering\u00e5ngen p\u00e5 l\u00f6rdag och s\u00f6ndag kommer att behandlas p\u00e5f\u00f6ljande m\u00e5ndag \/ vardag. Leverans sker med Post, DPD eller DHL. Avbokning efter det att best\u00e4llningen blivit expedierad \u00e4r ej m\u00f6jlig. I de fall best\u00e4llningen blivit expedierad \u00e4r kunden skyldig att motta best\u00e4llningen. Avbest\u00e4llning av en produkt som best\u00e4llts eller f\u00e4rdigst\u00e4llts speciellt f\u00f6r kunden, \u00e4r ej m\u00f6jlig. Avbest\u00e4llning \u00e4r ej giltig f\u00f6rr\u00e4n kunden har bekr\u00e4ftat Willn\u00e4s Ab \/ NoShout via e-post. Alla varor f\u00f6rblir Willn\u00e4s Ab \/ NoShout egendom tills full betalning har mottagits.<\/p>\n<p><strong>Ansvar f\u00f6r fel<\/strong><\/p>\n<p>Willn\u00e4s Ab \/ NoShout ansvar f\u00f6r fel i leverans \u00e4r begr\u00e4nsad till g\u00e4llande f\u00f6rs\u00e4ljningsvillkor, \u00e4r inget direkt eller indirekt, till exempel inkompatibilitet, leveransf\u00f6rseningar, merarbete eller annan ekonomisk skada.<\/p>\n<p><strong>Reklamationsvillkor och \u00e5ngerr\u00e4tt<\/strong><\/p>\n<p>Det \u00e4r l\u00e4mpligt att du som kund inspekterar varorna som levereras f\u00f6r att verifiera att de \u00e4r korrekta och felfria. Om det finns n\u00e5gra sk\u00e4l till klagom\u00e5l, kontakta Willn\u00e4s Ab \/ NoShout per e-post info@noshout.fi och uppge order-id och orsaken till klagom\u00e5l. I samtliga fall om en produkt returneras till Willn\u00e4s Ab \/ NoShout skall konsumenten f\u00f6rst kontakta info@noshout.fi. Produkter som returneras till Willn\u00e4s Ab \/ NoShout b\u00f6r behandlas som om de vore felfria. Det \u00e4r i alla typer av returer viktigt att produkten f\u00f6rpackas p\u00e5 ett s\u00e5dant s\u00e4tt att det inte kan skadas.<\/p>\n<p>Willn\u00e4s Oy \/ NoShout f\u00f6rbeh\u00e5ller sig r\u00e4tten att ers\u00e4tta defekt vara med en ny likadan. Vid \u00e5terbetalning till privata konsumenter i geng\u00e4ldiga fall har Willn\u00e4s Ab \/ NoShout en \u00e5terbetalningstid p\u00e5 30 dagar. Willn\u00e4s Ab \/ NoShout f\u00f6rbeh\u00e5ller sig f\u00f6r fel i f\u00f6rs\u00e4ljningssystemet. Privata Konsumenter har r\u00e4tt att \u00e5ngra k\u00f6pet inom 14 dagar enligt distansavtalslagen. R\u00e4tten g\u00f6r endast om varan och dess originalf\u00f6rpackning kan returneras i ursprungligt skick. Produkten f\u00e5r inte anv\u00e4ndas. Returfrakten betalas av konsumenten n\u00e4r de ut\u00f6var sin \u00e5ngerr\u00e4tt. Varorna skickas till Willn\u00e4s Ab, Kvarnbyv\u00e4gen 45, FI-02400 Kyrksl\u00e4tt, Finland.<\/p>\n<p><strong>Outl\u00f6st f\u00f6rs\u00e4ndelse<\/strong><\/p>\n<p>Varor som inte utl\u00f6ses och paketet returneras till Willn\u00e4s Ab \/ NoShout, debiteras av kund en avgift p\u00e5 \u20ac 50, &#8211; + moms f\u00f6r att t\u00e4cka Willn\u00e4s Ab \/ NoShout kostnader f\u00f6r transport och administration.<\/p>\n<p><strong> Transportskadat gods<\/strong><\/p>\n<p>Om en produkt fr\u00e5n Willn\u00e4s Ab \/ NoShout skadas under transporten, m\u00e5ste det omedelbart anm\u00e4las till info@noshout.fi.<\/p>\n<p><strong>Support.<\/strong><\/p>\n<p>You are welcome to contact us via email <a href=\"mailto:info@noshout.fi\" target=\"_blank\" rel=\"noopener\">info@noshout.fi<\/a> or phone <a href=\"tel:%2B358407059796\" target=\"_blank\" rel=\"noopener\">+358407059796<\/a> if you have questions.<\/p>\n<p><strong>St\u00f6d<\/strong><\/p>\n<p>Du \u00e4r v\u00e4lkommen att kontakta oss via e-post info@noshout.fi eller telefon +358407059796 om du har fr\u00e5gor.<\/p>\n<p><strong>\u00d6vrigt<\/strong><\/p>\n<p>Willn\u00e4s Ab \/ NoShout f\u00f6rbeh\u00e5ller sig r\u00e4tten att \u00e4ndra all information, inklusive priser, specifikationer och produkterbjudanden utan f\u00f6reg\u00e5ende meddelande. Bilder och texter p\u00e5 NoShout webbsidor f\u00e5r inte anv\u00e4ndas i n\u00e5got sammanhang utan v\u00e5rt tillst\u00e5nd. Vi reserverar oss f\u00f6r eventuella fel i text och bild.<\/p>\n\t\t<\/div>\n\t\t\t\t\t<\/div>\n\n\t\n<\/div>\n","protected":false},"excerpt":{"rendered":"","protected":false},"author":2,"featured_media":0,"parent":0,"menu_order":0,"comment_status":"closed","ping_status":"closed","template":"","meta":{"footnotes":""},"class_list":["post-774","page","type-page","status-publish","hentry"],"jetpack_sharing_enabled":true,"_links":{"self":[{"href":"https:\/\/www.noshout.fi\/sv\/wp-json\/wp\/v2\/pages\/774","targetHints":{"allow":["GET"]}}],"collection":[{"href":"https:\/\/www.noshout.fi\/sv\/wp-json\/wp\/v2\/pages"}],"about":[{"href":"https:\/\/www.noshout.fi\/sv\/wp-json\/wp\/v2\/types\/page"}],"author":[{"embeddable":true,"href":"https:\/\/www.noshout.fi\/sv\/wp-json\/wp\/v2\/users\/2"}],"replies":[{"embeddable":true,"href":"https:\/\/www.noshout.fi\/sv\/wp-json\/wp\/v2\/comments?post=774"}],"version-history":[{"count":1,"href":"https:\/\/www.noshout.fi\/sv\/wp-json\/wp\/v2\/pages\/774\/revisions"}],"predecessor-version":[{"id":777,"href":"https:\/\/www.noshout.fi\/sv\/wp-json\/wp\/v2\/pages\/774\/revisions\/777"}],"wp:attachment":[{"href":"https:\/\/www.noshout.fi\/sv\/wp-json\/wp\/v2\/media?parent=774"}],"curies":[{"name":"wp","href":"https:\/\/api.w.org\/{rel}","templated":true}]}}