{"id":772,"date":"2018-01-27T11:33:03","date_gmt":"2018-01-27T11:33:03","guid":{"rendered":"https:\/\/www.noshout.fi\/shop\/returnering-garanti\/"},"modified":"2018-01-27T11:46:22","modified_gmt":"2018-01-27T11:46:22","slug":"returnering-garanti","status":"publish","type":"page","link":"https:\/\/www.noshout.fi\/sv\/returnering-garanti\/","title":{"rendered":"Returnering &#038; Garanti"},"content":{"rendered":"<div class=\"row\"  id=\"row-583750336\">\n\n\t<div id=\"col-1820288493\" class=\"col small-12 large-12\"  >\n\t\t\t\t<div class=\"col-inner\"  >\n\t\t\t\n\t\t\t\n<a href=\"http:\/\/www.noshout.fi\/shop\/elements\/pages\/payment-shipping\/?lang=sv\" class=\"button primary is-underline\" >\n\t\t<span>Betalning &amp; Frakt<\/span>\n\t<\/a>\n\n<a href=\"http:\/\/www.noshout.fi\/shop\/elements\/pages\/terms-conditions\/?lang=sv\" class=\"button primary is-underline\" >\n\t\t<span>Regler &amp; Villkor<\/span>\n\t<\/a>\n\n<a href=\"http:\/\/www.noshout.fi\/shop\/elements\/pages\/returns-warranty\/?lang=sv\" class=\"button primary is-underline\" >\n\t\t<span>Returnering &amp; Garanti<\/span>\n\t<\/a>\n\n<div class=\"container section-title-container\" ><h3 class=\"section-title section-title-normal\"><b aria-hidden=\"true\"><\/b><span class=\"section-title-main\" >Garanti<\/span><b aria-hidden=\"true\"><\/b><\/h3><\/div>\n<p><strong>Hur l\u00e5ng garanti \u00e4r det p\u00e5 NoShout apparaterna?<\/strong><br \/>\n<span id=\"result_box\" class=\"\" lang=\"en\"><span title=\"Sinulla on oikeus peruuttaa tekem\u00e4si tilaus l\u00e4hetyksen saatuasi ja tarkastettuasi tuotteet.\"> Alla v\u00e5ra apparater har ett (1) \u00e5rs garanti f\u00f6r fabrikationsfel. Garantin g\u00e4ller inte normalt slitage som orsakats av eget bruk eller kablarna p\u00e5 mikrofoner samt \u00f6ronsn\u00e4ckor eller \u00f6ronhakarna p\u00e5 sn\u00e4ckorna. Garantin g\u00e4ller inte f\u00f6r skador som uppkommit av ovarsamt bruk.<\/span><\/span><\/p>\n<div class=\"container section-title-container\" ><h3 class=\"section-title section-title-normal\"><b aria-hidden=\"true\"><\/b><span class=\"section-title-main\" >Returnering<\/span><b aria-hidden=\"true\"><\/b><\/h3><\/div>\n<p><strong>Vad \u00e4r det f\u00f6r returpolicy f\u00f6r NoShout produkterna?<\/strong><br \/>\nNoShout garanterar 100% tillfredsst\u00e4llelse p\u00e5 alla ink\u00f6p som g\u00f6rs via v\u00e5r hemsida. Du har r\u00e4tt att annullera din best\u00e4llning efter att ha mottagit och inspekterat produkterna. Observera att endast o\u00f6ppnade och oanv\u00e4nda produkter i originalf\u00f6rpackningar kan returneras. Begagnade produkter accepteras inte f\u00f6r retur.<\/p>\n<div class=\"container section-title-container\" ><h3 class=\"section-title section-title-normal\"><b aria-hidden=\"true\"><\/b><span class=\"section-title-main\" >\u00d6vrigt<\/span><b aria-hidden=\"true\"><\/b><\/h3><\/div>\n<p>Vi f\u00f6rbeh\u00e5ller oss r\u00e4tten att \u00e4ndra v\u00e5ra leveransvillkor. Kunden b\u00f6r innan order bekanta sig med i kraft varande leveransvillkor. Willn\u00e4s Ab \/ NoShout behandlar alla kunduppgifter i fullt f\u00f6rtroende och f\u00f6rbinder sig att inte \u00f6verl\u00e5ta dessa till tredje part.<\/p>\n\t\t<\/div>\n\t\t\t\t\t<\/div>\n\n\t\n<\/div>\n","protected":false},"excerpt":{"rendered":"","protected":false},"author":2,"featured_media":0,"parent":0,"menu_order":0,"comment_status":"closed","ping_status":"closed","template":"","meta":{"footnotes":""},"class_list":["post-772","page","type-page","status-publish","hentry"],"jetpack_sharing_enabled":true,"_links":{"self":[{"href":"https:\/\/www.noshout.fi\/sv\/wp-json\/wp\/v2\/pages\/772","targetHints":{"allow":["GET"]}}],"collection":[{"href":"https:\/\/www.noshout.fi\/sv\/wp-json\/wp\/v2\/pages"}],"about":[{"href":"https:\/\/www.noshout.fi\/sv\/wp-json\/wp\/v2\/types\/page"}],"author":[{"embeddable":true,"href":"https:\/\/www.noshout.fi\/sv\/wp-json\/wp\/v2\/users\/2"}],"replies":[{"embeddable":true,"href":"https:\/\/www.noshout.fi\/sv\/wp-json\/wp\/v2\/comments?post=772"}],"version-history":[{"count":1,"href":"https:\/\/www.noshout.fi\/sv\/wp-json\/wp\/v2\/pages\/772\/revisions"}],"predecessor-version":[{"id":776,"href":"https:\/\/www.noshout.fi\/sv\/wp-json\/wp\/v2\/pages\/772\/revisions\/776"}],"wp:attachment":[{"href":"https:\/\/www.noshout.fi\/sv\/wp-json\/wp\/v2\/media?parent=772"}],"curies":[{"name":"wp","href":"https:\/\/api.w.org\/{rel}","templated":true}]}}