{"id":769,"date":"2018-01-27T11:23:27","date_gmt":"2018-01-27T11:23:27","guid":{"rendered":"https:\/\/www.noshout.fi\/shop\/betalning-frakt\/"},"modified":"2018-01-27T11:45:48","modified_gmt":"2018-01-27T11:45:48","slug":"betalning-frakt","status":"publish","type":"page","link":"https:\/\/www.noshout.fi\/sv\/betalning-frakt\/","title":{"rendered":"Betalning &#038; Frakt"},"content":{"rendered":"<div class=\"row\"  id=\"row-1593466373\">\n\n\t<div id=\"col-392506134\" class=\"col small-12 large-12\"  >\n\t\t\t\t<div class=\"col-inner\"  >\n\t\t\t\n\t\t\t\n<a href=\"http:\/\/www.noshout.fi\/shop\/elements\/pages\/payment-shipping\/?lang=sv\" class=\"button primary is-underline\" >\n\t\t<span>Betalning &amp; Frakt<\/span>\n\t<\/a>\n\n<a href=\"http:\/\/www.noshout.fi\/shop\/elements\/pages\/terms-conditions\/?lang=sv\" class=\"button primary is-underline\" >\n\t\t<span>Regler &amp; Villkor<\/span>\n\t<\/a>\n\n<a href=\"http:\/\/www.noshout.fi\/shop\/elements\/pages\/returns-warranty\/?lang=sv\" class=\"button primary is-underline\" >\n\t\t<span>Returnering &amp; Garanti<\/span>\n\t<\/a>\n\n<div class=\"container section-title-container\" style=\"margin-top:0px;\"><h3 class=\"section-title section-title-normal\"><b aria-hidden=\"true\"><\/b><span class=\"section-title-main\" >Betalning<\/span><b aria-hidden=\"true\"><\/b><\/h3><\/div>\n<p><strong>Vilka betalningsmetoder kan jag v\u00e4lja?<\/strong><br \/>\nVi erbjuder tv\u00e5 olika betalningsmetoder p\u00e5 v\u00e5r webbutik, Klarna Checkout och PayPal Express Checkout.<\/p>\n<p><strong>Klarna Checkout<\/strong><br \/>\nKunder i Finland, Sverige, Norge, Danmark, Tyskland och Storbritannien kan v\u00e4lja Klarna Checkout. I detta betals\u00e4tt kan du \u00e4ven v\u00e4lja att betala smidigt i rater.<\/p>\n<p><strong>PayPal Express Checkout<\/strong><br \/>\nF\u00f6r resten av v\u00e4rlden, \u00e4ven l\u00e4nderna som n\u00e4mnts ovan, kan du v\u00e4lja PayPal Express Checkout.<\/p>\n<div class=\"container section-title-container\" style=\"margin-top:30px;\"><h3 class=\"section-title section-title-normal\"><b aria-hidden=\"true\"><\/b><span class=\"section-title-main\" >Frakt<\/span><b aria-hidden=\"true\"><\/b><\/h3><\/div>\n<p><strong>N\u00e4r levereras min best\u00e4llning?<\/strong><br \/>\nVi str\u00e4var efter att kunna leverera best\u00e4llningen senast inom tv\u00e5 arbetsdagar fr\u00e5n det att vi f\u00e5tt best\u00e4llningen. Vi behandlar best\u00e4llningen alltid samma, eller senast f\u00f6ljande arbetsdag. Beroende p\u00e5 lagersituationen av produkten kan det i mycket s\u00e4llsynta fall ta upp till 2-3 veckor innan varan levereras. I s\u00e5dana fall informeras kunden om sen leverans per e-mail.<\/p>\n<p><strong>Hur l\u00e5ng \u00e4r leveranstiden?<\/strong><br \/>\nDetta varierar beroende p\u00e5 leveransadress. Best\u00e4llningar i Finland n\u00e5r kunden normalt p\u00e5 2-4 dagar, l\u00e4nder inom EU 2-14 dagar och l\u00e4nder utanf\u00f6r EU 4-21 dagar.<\/p>\n<p><strong>Hur mycket \u00e4r leveranskostnaden?<\/strong><br \/>\nI leveranskostnaderna ing\u00e5r frakt och behandling och de finns p\u00e5 den slutliga kassa sk\u00e4rmen i din varukorg n\u00e4r all beh\u00f6vlig information har matats in f\u00f6r att slutf\u00f6ra ordern. Fraktkostnaden f\u00f6r best\u00e4llningar i Finland \u00e4r normalt mellan 5,00 &#8211; 20,00 \u20ac, andra l\u00e4nder i Europa 25.00 \u20ac och order utanf\u00f6r Europa 45 \u20ac.<\/p>\n<p><strong>Om du har n\u00e5gra fler fr\u00e5gor, v\u00e4nligen kontakta oss<\/strong><br \/>\ninfo@noshout.fi eller ring +358 407 059 796<\/p>\n\t\t<\/div>\n\t\t\t\t\n<style>\n#col-392506134 > .col-inner {\n  margin: 30px 0px 0px 0px;\n}\n<\/style>\n\t<\/div>\n\n\t\n<\/div>\n","protected":false},"excerpt":{"rendered":"","protected":false},"author":2,"featured_media":0,"parent":0,"menu_order":0,"comment_status":"closed","ping_status":"closed","template":"page-blank.php","meta":{"footnotes":""},"class_list":["post-769","page","type-page","status-publish","hentry"],"jetpack_sharing_enabled":true,"_links":{"self":[{"href":"https:\/\/www.noshout.fi\/sv\/wp-json\/wp\/v2\/pages\/769","targetHints":{"allow":["GET"]}}],"collection":[{"href":"https:\/\/www.noshout.fi\/sv\/wp-json\/wp\/v2\/pages"}],"about":[{"href":"https:\/\/www.noshout.fi\/sv\/wp-json\/wp\/v2\/types\/page"}],"author":[{"embeddable":true,"href":"https:\/\/www.noshout.fi\/sv\/wp-json\/wp\/v2\/users\/2"}],"replies":[{"embeddable":true,"href":"https:\/\/www.noshout.fi\/sv\/wp-json\/wp\/v2\/comments?post=769"}],"version-history":[{"count":2,"href":"https:\/\/www.noshout.fi\/sv\/wp-json\/wp\/v2\/pages\/769\/revisions"}],"predecessor-version":[{"id":775,"href":"https:\/\/www.noshout.fi\/sv\/wp-json\/wp\/v2\/pages\/769\/revisions\/775"}],"wp:attachment":[{"href":"https:\/\/www.noshout.fi\/sv\/wp-json\/wp\/v2\/media?parent=769"}],"curies":[{"name":"wp","href":"https:\/\/api.w.org\/{rel}","templated":true}]}}