{"id":765,"date":"2018-01-27T11:10:03","date_gmt":"2018-01-27T11:10:03","guid":{"rendered":"https:\/\/www.noshout.fi\/shop\/kontakta-oss\/"},"modified":"2018-01-27T11:10:03","modified_gmt":"2018-01-27T11:10:03","slug":"kontakta-oss","status":"publish","type":"page","link":"https:\/\/www.noshout.fi\/sv\/kontakta-oss\/","title":{"rendered":"Kontakta oss"},"content":{"rendered":"\n  <div class=\"banner has-hover\" id=\"banner-419055526\">\n          <div class=\"banner-inner fill\">\n        <div class=\"banner-bg fill\" >\n                                                \n                    <\/div>\n\t\t\n        <div class=\"banner-layers container\">\n            <div class=\"fill banner-link\"><\/div>            \n   <div id=\"text-box-1087871123\" class=\"text-box banner-layer x50 md-x50 lg-x50 y50 md-y50 lg-y50 res-text\">\n                                <div class=\"text-box-content text dark\">\n              \n              <div class=\"text-inner text-center\">\n                  \n<h3 class=\"uppercase\"><strong>Kontakta oss<br \/>\n<\/strong><\/h3>\n              <\/div>\n           <\/div>\n                            \n<style>\n#text-box-1087871123 {\n  width: 60%;\n}\n#text-box-1087871123 .text-box-content {\n  font-size: 100%;\n}\n<\/style>\n    <\/div>\n \n        <\/div>\n      <\/div>\n\n            \n<style>\n#banner-419055526 {\n  padding-top: 180px;\n}\n<\/style>\n  <\/div>\n\n\n<div class=\"row\"  id=\"row-556659671\">\n\n\t<div id=\"col-137712444\" class=\"col medium-6 large-6\"  >\n\t\t\t\t<div class=\"col-inner\"  >\n\t\t\t\n\t\t\t\n<div class=\"container section-title-container\" ><h3 class=\"section-title section-title-normal\"><b aria-hidden=\"true\"><\/b><span class=\"section-title-main\" >F\u00f6retags info<\/span><b aria-hidden=\"true\"><\/b><\/h3><\/div>\n<h3>NoShout<\/h3>\n<p>Myllykyl\u00e4ntie 45<br \/>\n02400 Kirkkonummi<br \/>\nFinland<\/p>\n<div class=\"kl-iconbox__content-wrapper\">\n<div class=\"kl-iconbox__el-wrapper kl-iconbox__title-wrapper\">\n<h3 class=\"kl-iconbox__title element-scheme__hdg1\">E-post<\/h3>\n<p class=\"kl-iconbox__title element-scheme__hdg1\">info@noshout.fi<\/p>\n<div class=\"kl-iconbox__content-wrapper\">\n<div class=\"kl-iconbox__el-wrapper kl-iconbox__title-wrapper\">\n<h3 class=\"kl-iconbox__title element-scheme__hdg1\">Kund service<\/h3>\n<\/div>\n<div class=\" kl-iconbox__el-wrapper kl-iconbox__desc-wrapper\">\n<p class=\"kl-iconbox__desc\">+358 407 059 796<br \/>\nM\u00e5n-Fre, 09:00 &#8211; 20:00<\/p>\n<\/div>\n<\/div>\n<\/div>\n<\/div>\n\t\t<\/div>\n\t\t\t\t\t<\/div>\n\n\t\n\n\t<div id=\"col-924904848\" class=\"col medium-6 large-6\"  >\n\t\t\t\t<div class=\"col-inner\"  >\n\t\t\t\n\t\t\t\n<div class=\"container section-title-container\" ><h3 class=\"section-title section-title-normal\"><b aria-hidden=\"true\"><\/b><span class=\"section-title-main\" >Skicka oss ett meddelande<\/span><b aria-hidden=\"true\"><\/b><\/h3><\/div>\n\n<div class=\"wpcf7 no-js\" id=\"wpcf7-f10-o1\" lang=\"en-US\" dir=\"ltr\" data-wpcf7-id=\"10\">\n<div class=\"screen-reader-response\"><p role=\"status\" aria-live=\"polite\" aria-atomic=\"true\"><\/p> <ul><\/ul><\/div>\n<form action=\"\/sv\/wp-json\/wp\/v2\/pages\/765#wpcf7-f10-o1\" method=\"post\" class=\"wpcf7-form init\" aria-label=\"Contact form\" novalidate=\"novalidate\" data-status=\"init\">\n<fieldset class=\"hidden-fields-container\"><input type=\"hidden\" name=\"_wpcf7\" value=\"10\" \/><input type=\"hidden\" name=\"_wpcf7_version\" value=\"6.1.5\" \/><input type=\"hidden\" name=\"_wpcf7_locale\" value=\"en_US\" \/><input type=\"hidden\" name=\"_wpcf7_unit_tag\" value=\"wpcf7-f10-o1\" \/><input type=\"hidden\" name=\"_wpcf7_container_post\" value=\"0\" \/><input type=\"hidden\" name=\"_wpcf7_posted_data_hash\" value=\"\" \/>\n<\/fieldset>\n<p><label>Your Name (required)<\/label><br \/>\n<span class=\"wpcf7-form-control-wrap\" data-name=\"your-name\"><input size=\"40\" maxlength=\"400\" class=\"wpcf7-form-control wpcf7-text wpcf7-validates-as-required\" aria-required=\"true\" aria-invalid=\"false\" value=\"\" type=\"text\" name=\"your-name\" \/><\/span>\n<\/p>\n<p><label>Your Email (required)<\/label><br \/>\n<span class=\"wpcf7-form-control-wrap\" data-name=\"your-email\"><input size=\"40\" maxlength=\"400\" class=\"wpcf7-form-control wpcf7-email wpcf7-validates-as-required wpcf7-text wpcf7-validates-as-email\" aria-required=\"true\" aria-invalid=\"false\" value=\"\" type=\"email\" name=\"your-email\" \/><\/span>\n<\/p>\n<p><label>Your Subject (required)<\/label><br \/>\n<span class=\"wpcf7-form-control-wrap\" data-name=\"your-subject\"><input size=\"40\" maxlength=\"400\" class=\"wpcf7-form-control wpcf7-text wpcf7-validates-as-required\" aria-required=\"true\" aria-invalid=\"false\" value=\"\" type=\"text\" name=\"your-subject\" \/><\/span>\n<\/p>\n<p><label>Your Message (required)<\/label><br \/>\n<span class=\"wpcf7-form-control-wrap\" data-name=\"your-message\"><textarea cols=\"40\" rows=\"10\" maxlength=\"2000\" class=\"wpcf7-form-control wpcf7-textarea wpcf7-validates-as-required\" aria-required=\"true\" aria-invalid=\"false\" name=\"your-message\"><\/textarea><\/span>\n<\/p>\n<p><input class=\"wpcf7-form-control wpcf7-submit has-spinner button\" type=\"submit\" value=\"Submit\" \/>\n<\/p><p style=\"display: none !important;\" class=\"akismet-fields-container\" data-prefix=\"_wpcf7_ak_\"><label>&#916;<textarea name=\"_wpcf7_ak_hp_textarea\" cols=\"45\" rows=\"8\" maxlength=\"100\"><\/textarea><\/label><input type=\"hidden\" id=\"ak_js_1\" name=\"_wpcf7_ak_js\" value=\"8\"\/><script type=\"text\/javascript\">\n\/* <![CDATA[ *\/\ndocument.getElementById( \"ak_js_1\" ).setAttribute( \"value\", ( new Date() ).getTime() );\n\/* ]]> *\/\n<\/script>\n<\/p><div class=\"wpcf7-response-output\" aria-hidden=\"true\"><\/div>\n<\/form>\n<\/div>\n\n\t\t<\/div>\n\t\t\t\t\t<\/div>\n\n\t\n\n\t<div id=\"col-1452890108\" class=\"col large-12\"  >\n\t\t\t\t<div class=\"col-inner dark\" style=\"background-color:#446084;\" >\n\t\t\t\n\t\t\t\n<div class=\"container section-title-container\" ><h3 class=\"section-title section-title-normal\"><b aria-hidden=\"true\"><\/b><span class=\"section-title-main\" >Vanlinga fr\u00e5gar<\/span><b aria-hidden=\"true\"><\/b><\/h3><\/div>\n<div class=\"accordion\">\n\t<div id=\"accordion-2487788557\" class=\"accordion-item\">\n\t\t<a id=\"accordion-2487788557-label\" class=\"accordion-title plain\" href=\"#accordion-item-vilka-betalningsmetoder-accepteras-i-webbshopen?\" aria-expanded=\"false\" aria-controls=\"accordion-2487788557-content\">\n\t\t\t<button class=\"toggle\" aria-label=\"Toggle\"><i class=\"icon-angle-down\" aria-hidden=\"true\"><\/i><\/button>\n\t\t\t<span>Vilka betalningsmetoder accepteras i webbshopen?<\/span>\n\t\t<\/a>\n\t\t<div id=\"accordion-2487788557-content\" class=\"accordion-inner\" aria-labelledby=\"accordion-2487788557-label\">\n\t\t\t\n<p>Vi erbjuder tv\u00e5 olika betalningsmetoder p\u00e5 v\u00e5r webbutik, Klarna Checkout och PayPal Express Checkout.<\/p>\n\t\t<\/div>\n\t<\/div>\n\t\n\t<div id=\"accordion-1134698126\" class=\"accordion-item\">\n\t\t<a id=\"accordion-1134698126-label\" class=\"accordion-title plain\" href=\"#accordion-item-hur-mycket-\u00e4r-leveranskostnaden?\" aria-expanded=\"false\" aria-controls=\"accordion-1134698126-content\">\n\t\t\t<button class=\"toggle\" aria-label=\"Toggle\"><i class=\"icon-angle-down\" aria-hidden=\"true\"><\/i><\/button>\n\t\t\t<span>Hur mycket \u00e4r leveranskostnaden?<\/span>\n\t\t<\/a>\n\t\t<div id=\"accordion-1134698126-content\" class=\"accordion-inner\" aria-labelledby=\"accordion-1134698126-label\">\n\t\t\t\n<p>I leveranskostnaderna ing\u00e5r frakt och behandling och de finns p\u00e5 den slutliga kassa sk\u00e4rmen i din varukorg n\u00e4r all beh\u00f6vlig information har matats in f\u00f6r att slutf\u00f6ra ordern. Fraktkostnaden f\u00f6r best\u00e4llningar i Finland \u00e4r normalt mellan 5,00 &#8211; 20,00 \u20ac, andra l\u00e4nder i Europa 25.00 \u20ac och order utanf\u00f6r Europa 45 \u20ac.<\/p>\n\t\t<\/div>\n\t<\/div>\n\t\n\t<div id=\"accordion-3814084117\" class=\"accordion-item\">\n\t\t<a id=\"accordion-3814084117-label\" class=\"accordion-title plain\" href=\"#accordion-item-n\u00e4r-levereras-min-best\u00e4llning?\" aria-expanded=\"false\" aria-controls=\"accordion-3814084117-content\">\n\t\t\t<button class=\"toggle\" aria-label=\"Toggle\"><i class=\"icon-angle-down\" aria-hidden=\"true\"><\/i><\/button>\n\t\t\t<span>N\u00e4r levereras min best\u00e4llning?<\/span>\n\t\t<\/a>\n\t\t<div id=\"accordion-3814084117-content\" class=\"accordion-inner\" aria-labelledby=\"accordion-3814084117-label\">\n\t\t\t\n<p>Vi str\u00e4var efter att kunna leverera best\u00e4llningen senast inom tv\u00e5 arbetsdagar fr\u00e5n det att vi f\u00e5tt best\u00e4llningen. Vi behandlar best\u00e4llningen alltid samma, eller senast f\u00f6ljande arbetsdag.  Beroende p\u00e5 lagersituationen av produkten kan det i mycket s\u00e4llsynta fall ta upp till 2-3 veckor innan varan levereras. I s\u00e5dana fall informeras kunden om sen leverans per e-mail.<\/p>\n\t\t<\/div>\n\t<\/div>\n\t\n\t<div id=\"accordion-883784634\" class=\"accordion-item\">\n\t\t<a id=\"accordion-883784634-label\" class=\"accordion-title plain\" href=\"#accordion-item-hur-l\u00e5ng-\u00e4r-leveranstiden?\" aria-expanded=\"false\" aria-controls=\"accordion-883784634-content\">\n\t\t\t<button class=\"toggle\" aria-label=\"Toggle\"><i class=\"icon-angle-down\" aria-hidden=\"true\"><\/i><\/button>\n\t\t\t<span>Hur l\u00e5ng \u00e4r leveranstiden?<\/span>\n\t\t<\/a>\n\t\t<div id=\"accordion-883784634-content\" class=\"accordion-inner\" aria-labelledby=\"accordion-883784634-label\">\n\t\t\t\n<p>Detta varierar beroende p\u00e5 leveransadress. Best\u00e4llningar i Finland n\u00e5r kunden normalt p\u00e5 2-4 dagar, l\u00e4nder inom EU 2-14 dagar och l\u00e4nder utanf\u00f6r EU 4-21 dagar.<\/p>\n\t\t<\/div>\n\t<\/div>\n\t\n<\/div>\n\t\t<\/div>\n\t\t\t\t\n<style>\n#col-1452890108 > .col-inner {\n  padding: 20px 20px 20px 20px;\n}\n<\/style>\n\t<\/div>\n\n\t\n<\/div>\n","protected":false},"excerpt":{"rendered":"","protected":false},"author":1,"featured_media":0,"parent":0,"menu_order":0,"comment_status":"closed","ping_status":"closed","template":"page-blank.php","meta":{"footnotes":""},"class_list":["post-765","page","type-page","status-publish","hentry"],"jetpack_sharing_enabled":true,"_links":{"self":[{"href":"https:\/\/www.noshout.fi\/sv\/wp-json\/wp\/v2\/pages\/765","targetHints":{"allow":["GET"]}}],"collection":[{"href":"https:\/\/www.noshout.fi\/sv\/wp-json\/wp\/v2\/pages"}],"about":[{"href":"https:\/\/www.noshout.fi\/sv\/wp-json\/wp\/v2\/types\/page"}],"author":[{"embeddable":true,"href":"https:\/\/www.noshout.fi\/sv\/wp-json\/wp\/v2\/users\/1"}],"replies":[{"embeddable":true,"href":"https:\/\/www.noshout.fi\/sv\/wp-json\/wp\/v2\/comments?post=765"}],"version-history":[{"count":0,"href":"https:\/\/www.noshout.fi\/sv\/wp-json\/wp\/v2\/pages\/765\/revisions"}],"wp:attachment":[{"href":"https:\/\/www.noshout.fi\/sv\/wp-json\/wp\/v2\/media?parent=765"}],"curies":[{"name":"wp","href":"https:\/\/api.w.org\/{rel}","templated":true}]}}