{"id":761,"date":"2018-01-27T10:55:46","date_gmt":"2018-01-27T10:55:46","guid":{"rendered":"https:\/\/www.noshout.fi\/shop\/om-oss\/"},"modified":"2018-01-29T14:38:01","modified_gmt":"2018-01-29T14:38:01","slug":"om-oss","status":"publish","type":"page","link":"https:\/\/www.noshout.fi\/sv\/om-oss\/","title":{"rendered":"Om oss"},"content":{"rendered":"\n  <div class=\"banner has-hover has-parallax\" id=\"banner-1865165661\">\n          <div class=\"banner-inner fill\">\n        <div class=\"banner-bg fill\" data-parallax=\"-3\" data-parallax-container=\".banner\" data-parallax-background>\n            <img loading=\"lazy\" decoding=\"async\" width=\"2000\" height=\"650\" src=\"https:\/\/www.noshout.fi\/shop\/wp-content\/uploads\/2018\/01\/about-us-banner-3.jpg\" class=\"bg attachment-orginal size-orginal\" alt=\"\" \/>                                    \n                    <\/div>\n\t\t\n        <div class=\"banner-layers container\">\n            <div class=\"fill banner-link\"><\/div>            \n   <div id=\"text-box-1307839516\" class=\"text-box banner-layer x50 md-x50 lg-x50 y80 md-y80 lg-y80 res-text\">\n                                <div class=\"text-box-content text dark\">\n              \n              <div class=\"text-inner text-center\">\n                  \n<h3 class=\"lead\"><strong>Vi \u00e4r specialiserade p\u00e5 god r\u00f6stkommunikation f\u00f6r sport<\/strong><\/h3>\n<p class=\"lead\">V\u00e5ra kunder anv\u00e4nder sina NoShout enheter f\u00f6r olika typer av sportaktiviteter och av m\u00e5nga olika sk\u00e4l. Ofta n\u00e4r man tr\u00e4nar med en coach ropande instruktioner p\u00e5 avst\u00e5nd, kan det vara sv\u00e5rt att h\u00f6ra coachen och samtidigt fullt ut fokusera p\u00e5 sin egen prestation, d\u00e5 n\u00e4r det mest skulle beh\u00f6vas. Det \u00e4r d\u00e4r NoShout r\u00f6stkommunikation kommer v\u00e4l till pass!<\/p>\n              <\/div>\n           <\/div>\n                            \n<style>\n#text-box-1307839516 {\n  width: 85%;\n}\n#text-box-1307839516 .text-box-content {\n  font-size: 100%;\n}\n<\/style>\n    <\/div>\n \n        <\/div>\n      <\/div>\n\n            \n<style>\n#banner-1865165661 {\n  padding-top: 507px;\n}\n<\/style>\n  <\/div>\n\n\n<div class=\"row\"  id=\"row-1820935644\">\n\n\t<div id=\"col-1301854916\" class=\"col small-12 large-12\"  >\n\t\t\t\t<div class=\"col-inner\"  >\n\t\t\t\n\t\t\t\n<p class=\"lead text-center\"><strong>F\u00f6r passionen f\u00f6r sport.<\/strong>Vi \u00e4r, \u00e4ven vi sj\u00e4lva, professionella idrottare och tr\u00e4nare. Efter l\u00e5nga arbetsdagar vid sidan av arenan, ropande ut instruktioner, kom vi alltf\u00f6r ofta hem med halsont, huvudv\u00e4rk och utmattade av allt skrikande. Det var d\u00e5 vi beslutade att det \u00e4r dags f\u00f6r n\u00e4sta era av coaching.<\/p>\n<p class=\"lead text-center\">Vi hoppas du har lika mycket gl\u00e4dje som coach eller idrottare av din NoShout enhet som vi har, varje dag d\u00e5 vi \u00e4r ute och coachar v\u00e5ra idrottare.<\/p>\n<div class=\"text-center\"><div class=\"is-divider divider clearfix\" ><\/div><\/div>\n\t\t<\/div>\n\t\t\t\t\t<\/div>\n\n\t\n<\/div>\n","protected":false},"excerpt":{"rendered":"","protected":false},"author":1,"featured_media":0,"parent":0,"menu_order":0,"comment_status":"closed","ping_status":"closed","template":"page-transparent-header-light.php","meta":{"footnotes":""},"class_list":["post-761","page","type-page","status-publish","hentry"],"jetpack_sharing_enabled":true,"_links":{"self":[{"href":"https:\/\/www.noshout.fi\/sv\/wp-json\/wp\/v2\/pages\/761","targetHints":{"allow":["GET"]}}],"collection":[{"href":"https:\/\/www.noshout.fi\/sv\/wp-json\/wp\/v2\/pages"}],"about":[{"href":"https:\/\/www.noshout.fi\/sv\/wp-json\/wp\/v2\/types\/page"}],"author":[{"embeddable":true,"href":"https:\/\/www.noshout.fi\/sv\/wp-json\/wp\/v2\/users\/1"}],"replies":[{"embeddable":true,"href":"https:\/\/www.noshout.fi\/sv\/wp-json\/wp\/v2\/comments?post=761"}],"version-history":[{"count":1,"href":"https:\/\/www.noshout.fi\/sv\/wp-json\/wp\/v2\/pages\/761\/revisions"}],"predecessor-version":[{"id":847,"href":"https:\/\/www.noshout.fi\/sv\/wp-json\/wp\/v2\/pages\/761\/revisions\/847"}],"wp:attachment":[{"href":"https:\/\/www.noshout.fi\/sv\/wp-json\/wp\/v2\/media?parent=761"}],"curies":[{"name":"wp","href":"https:\/\/api.w.org\/{rel}","templated":true}]}}