{"id":751,"date":"2018-01-07T15:21:08","date_gmt":"2018-01-07T15:21:08","guid":{"rendered":"https:\/\/www.noshout.fi\/shop\/product\/rapide\/"},"modified":"2018-02-06T17:24:00","modified_gmt":"2018-02-06T17:24:00","slug":"rapide","status":"publish","type":"product","link":"https:\/\/www.noshout.fi\/fi\/tuote\/rapide\/","title":{"rendered":"Rapide"},"content":{"rendered":"<p>Ratsastajalle vastaanotin on hyvin helppok\u00e4ytt\u00f6inen langattomuutensa ansiosta! Laitteessa erinomainen kuuluvuus ja kirkas \u00e4\u00e4ni. L\u00e4hettimeen liitett\u00e4viss\u00e4 rajaton m\u00e4\u00e4r\u00e4<br \/>\nvastaanottimia, joten laite sopii erinomaisesti k\u00e4ytett\u00e4v\u00e4ksi my\u00f6s suuremmille ryhmille. H\u00e4iri\u00f6t\u00f6n kuuluvuus yli 100 metri\u00e4. T\u00e4ydelliseen peruspakettiin sis\u00e4ltyy l\u00e4hetin ja mikrofoni klipsill\u00e4, vastaanotin,\u00a0 k\u00e4tev\u00e4 s\u00e4ilytyslaukku, verkko- (220v) ja autolaturit (12v) sek\u00e4 Mini- ja Micro USB kaapelit.<\/p>\n","protected":false},"excerpt":{"rendered":"<h5>Eritt\u00e4in pienell\u00e4, langattomalla korvakuulokkeella varustettu \u00e4\u00e4niyhteyslaite.<\/h5>\n","protected":false},"featured_media":406,"comment_status":"closed","ping_status":"closed","template":"","meta":[],"product_brand":[],"product_cat":[80],"product_tag":[],"class_list":{"0":"post-751","1":"product","2":"type-product","3":"status-publish","4":"has-post-thumbnail","6":"product_cat-laitteet","8":"first","9":"instock","10":"taxable","11":"shipping-taxable","12":"purchasable","13":"product-type-simple"},"jetpack_sharing_enabled":true,"_links":{"self":[{"href":"https:\/\/www.noshout.fi\/fi\/wp-json\/wp\/v2\/product\/751","targetHints":{"allow":["GET"]}}],"collection":[{"href":"https:\/\/www.noshout.fi\/fi\/wp-json\/wp\/v2\/product"}],"about":[{"href":"https:\/\/www.noshout.fi\/fi\/wp-json\/wp\/v2\/types\/product"}],"replies":[{"embeddable":true,"href":"https:\/\/www.noshout.fi\/fi\/wp-json\/wp\/v2\/comments?post=751"}],"wp:featuredmedia":[{"embeddable":true,"href":"https:\/\/www.noshout.fi\/fi\/wp-json\/wp\/v2\/media\/406"}],"wp:attachment":[{"href":"https:\/\/www.noshout.fi\/fi\/wp-json\/wp\/v2\/media?parent=751"}],"wp:term":[{"taxonomy":"product_brand","embeddable":true,"href":"https:\/\/www.noshout.fi\/fi\/wp-json\/wp\/v2\/product_brand?post=751"},{"taxonomy":"product_cat","embeddable":true,"href":"https:\/\/www.noshout.fi\/fi\/wp-json\/wp\/v2\/product_cat?post=751"},{"taxonomy":"product_tag","embeddable":true,"href":"https:\/\/www.noshout.fi\/fi\/wp-json\/wp\/v2\/product_tag?post=751"}],"curies":[{"name":"wp","href":"https:\/\/api.w.org\/{rel}","templated":true}]}}