{"id":747,"date":"2018-01-07T15:21:09","date_gmt":"2018-01-07T15:21:09","guid":{"rendered":"https:\/\/www.noshout.fi\/shop\/product\/duo\/"},"modified":"2018-02-06T17:23:29","modified_gmt":"2018-02-06T17:23:29","slug":"duo","status":"publish","type":"product","link":"https:\/\/www.noshout.fi\/fi\/tuote\/duo\/","title":{"rendered":"Duo"},"content":{"rendered":"<p>Ratsastaja pystyy keskustelemaan<br \/>\nvalmentajan kanssa painamalla kuulokkeen johdossa<br \/>\nolevaa katkaisinta. Vastaanottimessa ja l\u00e4hettimess\u00e4<br \/>\nlangallinen korvakuuloke jossa hyvin tukeva sanka. T\u00e4m\u00e4<br \/>\ntakaa sen ett\u00e4 kuuloke pysyy korvalla kovemmassakin<br \/>\nmenossa. L\u00e4hettimeen liitett\u00e4viss\u00e4 rajaton m\u00e4\u00e4r\u00e4<br \/>\nvastaanottimia, joten laite sopii erinomaisesti k\u00e4ytett\u00e4v\u00e4ksi<br \/>\nmy\u00f6s suuremmille ryhmille. H\u00e4iri\u00f6t\u00f6n kuuluvuus jopa yli<br \/>\n250 metri\u00e4. T\u00e4ydelliseen\u00a0 peruspakettiin<br \/>\nsis\u00e4ltyy l\u00e4hetin korvakuulokkeella jossa mikrofoni,vastaanotin korvakuulokkeella jossa mikrofoni, k\u00e4tev\u00e4 s\u00e4ilytyslaukku, verkko- (220v) ja autolaturit (12v)<br \/>\nsek\u00e4 Mini USB kaapelit.<\/p>\n","protected":false},"excerpt":{"rendered":"<h5>NoShout Duo on hyvin kevyt ja pienikokoinen kaksisuuntainen \u00e4\u00e4niyhteyslaite, jossa pitk\u00e4 kantavuus ja eritt\u00e4in kirkas \u00e4\u00e4ni.<\/h5>\n","protected":false},"featured_media":410,"comment_status":"closed","ping_status":"closed","template":"","meta":[],"product_brand":[],"product_cat":[80],"product_tag":[],"class_list":{"0":"post-747","1":"product","2":"type-product","3":"status-publish","4":"has-post-thumbnail","6":"product_cat-laitteet","8":"first","9":"instock","10":"taxable","11":"shipping-taxable","12":"purchasable","13":"product-type-simple"},"jetpack_sharing_enabled":true,"_links":{"self":[{"href":"https:\/\/www.noshout.fi\/fi\/wp-json\/wp\/v2\/product\/747","targetHints":{"allow":["GET"]}}],"collection":[{"href":"https:\/\/www.noshout.fi\/fi\/wp-json\/wp\/v2\/product"}],"about":[{"href":"https:\/\/www.noshout.fi\/fi\/wp-json\/wp\/v2\/types\/product"}],"replies":[{"embeddable":true,"href":"https:\/\/www.noshout.fi\/fi\/wp-json\/wp\/v2\/comments?post=747"}],"wp:featuredmedia":[{"embeddable":true,"href":"https:\/\/www.noshout.fi\/fi\/wp-json\/wp\/v2\/media\/410"}],"wp:attachment":[{"href":"https:\/\/www.noshout.fi\/fi\/wp-json\/wp\/v2\/media?parent=747"}],"wp:term":[{"taxonomy":"product_brand","embeddable":true,"href":"https:\/\/www.noshout.fi\/fi\/wp-json\/wp\/v2\/product_brand?post=747"},{"taxonomy":"product_cat","embeddable":true,"href":"https:\/\/www.noshout.fi\/fi\/wp-json\/wp\/v2\/product_cat?post=747"},{"taxonomy":"product_tag","embeddable":true,"href":"https:\/\/www.noshout.fi\/fi\/wp-json\/wp\/v2\/product_tag?post=747"}],"curies":[{"name":"wp","href":"https:\/\/api.w.org\/{rel}","templated":true}]}}