{"id":745,"date":"2018-01-07T15:21:09","date_gmt":"2018-01-07T15:21:09","guid":{"rendered":"https:\/\/www.noshout.fi\/shop\/product\/oneline\/"},"modified":"2018-02-06T17:20:59","modified_gmt":"2018-02-06T17:20:59","slug":"oneline","status":"publish","type":"product","link":"https:\/\/www.noshout.fi\/fi\/tuote\/oneline\/","title":{"rendered":"OneLine"},"content":{"rendered":"<p>Ratsastajalla ja valmentajalla jatkuva kaksisuuntainen \u00e4\u00e4niyhteys ilman napin painalluksia. Vastaanottimessa ja l\u00e4hettimess\u00e4 langalliset korvakuulokkeet joissa mikrofoni. N\u00e4iss\u00e4 lis\u00e4ksi hyvin tukeva sanka joka takaa ett\u00e4 kuuloke pysyy korvalla kovassakin menossa. L\u00e4hettimeen liitett\u00e4viss\u00e4 rajaton m\u00e4\u00e4r\u00e4 vastaanottimia, joten laite sopii erinomaisesti k\u00e4ytett\u00e4v\u00e4ksi my\u00f6s suuremmille ryhmille. H\u00e4iri\u00f6t\u00f6n kuuluvuus jopa yli 250m.<\/p>\n","protected":false},"excerpt":{"rendered":"<h5>NoShout OneLine, kevyt ja n\u00e4pp\u00e4r\u00e4 jatkuvasti kaksisuuntainen \u00e4\u00e4niyhteyslaite pitk\u00e4ll\u00e4 kantavuudella ja kristallin kirkkaalla \u00e4\u00e4nell\u00e4.<\/h5>\n","protected":false},"featured_media":410,"comment_status":"closed","ping_status":"closed","template":"","meta":[],"product_brand":[],"product_cat":[80],"product_tag":[],"class_list":{"0":"post-745","1":"product","2":"type-product","3":"status-publish","4":"has-post-thumbnail","6":"product_cat-laitteet","8":"first","9":"instock","10":"taxable","11":"shipping-taxable","12":"purchasable","13":"product-type-simple"},"jetpack_sharing_enabled":true,"_links":{"self":[{"href":"https:\/\/www.noshout.fi\/fi\/wp-json\/wp\/v2\/product\/745","targetHints":{"allow":["GET"]}}],"collection":[{"href":"https:\/\/www.noshout.fi\/fi\/wp-json\/wp\/v2\/product"}],"about":[{"href":"https:\/\/www.noshout.fi\/fi\/wp-json\/wp\/v2\/types\/product"}],"replies":[{"embeddable":true,"href":"https:\/\/www.noshout.fi\/fi\/wp-json\/wp\/v2\/comments?post=745"}],"wp:featuredmedia":[{"embeddable":true,"href":"https:\/\/www.noshout.fi\/fi\/wp-json\/wp\/v2\/media\/410"}],"wp:attachment":[{"href":"https:\/\/www.noshout.fi\/fi\/wp-json\/wp\/v2\/media?parent=745"}],"wp:term":[{"taxonomy":"product_brand","embeddable":true,"href":"https:\/\/www.noshout.fi\/fi\/wp-json\/wp\/v2\/product_brand?post=745"},{"taxonomy":"product_cat","embeddable":true,"href":"https:\/\/www.noshout.fi\/fi\/wp-json\/wp\/v2\/product_cat?post=745"},{"taxonomy":"product_tag","embeddable":true,"href":"https:\/\/www.noshout.fi\/fi\/wp-json\/wp\/v2\/product_tag?post=745"}],"curies":[{"name":"wp","href":"https:\/\/api.w.org\/{rel}","templated":true}]}}