{"id":703,"date":"2018-01-07T15:21:38","date_gmt":"2018-01-07T15:21:38","guid":{"rendered":"https:\/\/www.noshout.fi\/shop\/product\/rapide-vastaanotin-paketti\/"},"modified":"2020-04-05T08:41:07","modified_gmt":"2020-04-05T08:41:07","slug":"rapide-vastaanotin-paketti","status":"publish","type":"product","link":"https:\/\/www.noshout.fi\/fi\/tuote\/rapide-vastaanotin-paketti\/","title":{"rendered":"Rapide Vastaanotin Paketti"},"content":{"rendered":"<p>Paketti sis\u00e4lt\u00e4\u00e4: Rapide vastaanotin, Micro-USB Laturi, Korvanappeja (5 kpl) ja korvasankoja (2 kpl).<\/p>\n","protected":false},"excerpt":{"rendered":"<p>Paketti sis\u00e4lt\u00e4\u00e4: Rapide vastaanotin, Micro-USB Laturi, Korvanappeja (5 kpl) ja korvasankoja (2 kpl).<\/p>\n","protected":false},"featured_media":1528,"comment_status":"closed","ping_status":"closed","template":"","meta":[],"product_brand":[],"product_cat":[80],"product_tag":[],"class_list":{"0":"post-703","1":"product","2":"type-product","3":"status-publish","4":"has-post-thumbnail","6":"product_cat-laitteet","8":"first","9":"instock","10":"taxable","11":"shipping-taxable","12":"purchasable","13":"product-type-simple"},"jetpack_sharing_enabled":true,"_links":{"self":[{"href":"https:\/\/www.noshout.fi\/fi\/wp-json\/wp\/v2\/product\/703","targetHints":{"allow":["GET"]}}],"collection":[{"href":"https:\/\/www.noshout.fi\/fi\/wp-json\/wp\/v2\/product"}],"about":[{"href":"https:\/\/www.noshout.fi\/fi\/wp-json\/wp\/v2\/types\/product"}],"replies":[{"embeddable":true,"href":"https:\/\/www.noshout.fi\/fi\/wp-json\/wp\/v2\/comments?post=703"}],"wp:featuredmedia":[{"embeddable":true,"href":"https:\/\/www.noshout.fi\/fi\/wp-json\/wp\/v2\/media\/1528"}],"wp:attachment":[{"href":"https:\/\/www.noshout.fi\/fi\/wp-json\/wp\/v2\/media?parent=703"}],"wp:term":[{"taxonomy":"product_brand","embeddable":true,"href":"https:\/\/www.noshout.fi\/fi\/wp-json\/wp\/v2\/product_brand?post=703"},{"taxonomy":"product_cat","embeddable":true,"href":"https:\/\/www.noshout.fi\/fi\/wp-json\/wp\/v2\/product_cat?post=703"},{"taxonomy":"product_tag","embeddable":true,"href":"https:\/\/www.noshout.fi\/fi\/wp-json\/wp\/v2\/product_tag?post=703"}],"curies":[{"name":"wp","href":"https:\/\/api.w.org\/{rel}","templated":true}]}}