{"id":697,"date":"2018-01-07T15:22:22","date_gmt":"2018-01-07T15:22:22","guid":{"rendered":"https:\/\/www.noshout.fi\/shop\/product\/sportsphone-vastaanotin-paketti\/"},"modified":"2018-01-07T15:22:22","modified_gmt":"2018-01-07T15:22:22","slug":"sportsphone-vastaanotin-paketti","status":"publish","type":"product","link":"https:\/\/www.noshout.fi\/fi\/tuote\/sportsphone-vastaanotin-paketti\/","title":{"rendered":"Sportsphone Vastaanotin Paketti"},"content":{"rendered":"<p>Paketti sis\u00e4lt\u00e4\u00e4:<br \/>\n1kpl Vastaanotin<br \/>\n1kpl Korvakuuloke<br \/>\n1kpl Sein\u00e4laturi<br \/>\n1kpl Micro-USB kaapeli<br \/>\n1kpl S\u00e4ilytyslaukku<\/p>\n","protected":false},"excerpt":{"rendered":"<p>Paketti sis\u00e4lt\u00e4\u00e4: Vastaanotin, Korvakuuloke, Sein\u00e4laturi, Micro-USB kaapeli, S\u00e4ilytyslaukku<\/p>\n","protected":false},"featured_media":468,"comment_status":"closed","ping_status":"closed","template":"","meta":[],"product_brand":[],"product_cat":[80],"product_tag":[],"class_list":{"0":"post-697","1":"product","2":"type-product","3":"status-publish","4":"has-post-thumbnail","6":"product_cat-laitteet","8":"first","9":"instock","10":"taxable","11":"shipping-taxable","12":"purchasable","13":"product-type-simple"},"jetpack_sharing_enabled":true,"_links":{"self":[{"href":"https:\/\/www.noshout.fi\/fi\/wp-json\/wp\/v2\/product\/697","targetHints":{"allow":["GET"]}}],"collection":[{"href":"https:\/\/www.noshout.fi\/fi\/wp-json\/wp\/v2\/product"}],"about":[{"href":"https:\/\/www.noshout.fi\/fi\/wp-json\/wp\/v2\/types\/product"}],"replies":[{"embeddable":true,"href":"https:\/\/www.noshout.fi\/fi\/wp-json\/wp\/v2\/comments?post=697"}],"wp:featuredmedia":[{"embeddable":true,"href":"https:\/\/www.noshout.fi\/fi\/wp-json\/wp\/v2\/media\/468"}],"wp:attachment":[{"href":"https:\/\/www.noshout.fi\/fi\/wp-json\/wp\/v2\/media?parent=697"}],"wp:term":[{"taxonomy":"product_brand","embeddable":true,"href":"https:\/\/www.noshout.fi\/fi\/wp-json\/wp\/v2\/product_brand?post=697"},{"taxonomy":"product_cat","embeddable":true,"href":"https:\/\/www.noshout.fi\/fi\/wp-json\/wp\/v2\/product_cat?post=697"},{"taxonomy":"product_tag","embeddable":true,"href":"https:\/\/www.noshout.fi\/fi\/wp-json\/wp\/v2\/product_tag?post=697"}],"curies":[{"name":"wp","href":"https:\/\/api.w.org\/{rel}","templated":true}]}}