{"id":695,"date":"2018-01-07T15:22:22","date_gmt":"2018-01-07T15:22:22","guid":{"rendered":"https:\/\/www.noshout.fi\/shop\/product\/novel-vastaanotin-paketti\/"},"modified":"2018-01-25T18:04:23","modified_gmt":"2018-01-25T18:04:23","slug":"novel-vastaanotin-paketti","status":"publish","type":"product","link":"https:\/\/www.noshout.fi\/fi\/tuote\/novel-vastaanotin-paketti\/","title":{"rendered":"Novel Vastaanotin Paketti"},"content":{"rendered":"<p>Paketti sis\u00e4lt\u00e4\u00e4:<br \/>\n1kpl Vastaanotin<br \/>\n1kpl Korvakuuloke<br \/>\n1kpl Sein\u00e4laturi<br \/>\n1kpl Mini-USB kaapeli<br \/>\n1kpl S\u00e4ilytyslaukku<\/p>\n","protected":false},"excerpt":{"rendered":"<p>Paketti sis\u00e4lt\u00e4\u00e4: Vastaanotin, Korvakuuloke, Sein\u00e4laturi, Mini-USB kaapeli, S\u00e4ilytyslaukku<\/p>\n","protected":false},"featured_media":470,"comment_status":"closed","ping_status":"closed","template":"","meta":[],"product_brand":[],"product_cat":[80],"product_tag":[],"class_list":{"0":"post-695","1":"product","2":"type-product","3":"status-publish","4":"has-post-thumbnail","6":"product_cat-laitteet","8":"first","9":"instock","10":"taxable","11":"shipping-taxable","12":"purchasable","13":"product-type-simple"},"jetpack_sharing_enabled":true,"_links":{"self":[{"href":"https:\/\/www.noshout.fi\/fi\/wp-json\/wp\/v2\/product\/695","targetHints":{"allow":["GET"]}}],"collection":[{"href":"https:\/\/www.noshout.fi\/fi\/wp-json\/wp\/v2\/product"}],"about":[{"href":"https:\/\/www.noshout.fi\/fi\/wp-json\/wp\/v2\/types\/product"}],"replies":[{"embeddable":true,"href":"https:\/\/www.noshout.fi\/fi\/wp-json\/wp\/v2\/comments?post=695"}],"wp:featuredmedia":[{"embeddable":true,"href":"https:\/\/www.noshout.fi\/fi\/wp-json\/wp\/v2\/media\/470"}],"wp:attachment":[{"href":"https:\/\/www.noshout.fi\/fi\/wp-json\/wp\/v2\/media?parent=695"}],"wp:term":[{"taxonomy":"product_brand","embeddable":true,"href":"https:\/\/www.noshout.fi\/fi\/wp-json\/wp\/v2\/product_brand?post=695"},{"taxonomy":"product_cat","embeddable":true,"href":"https:\/\/www.noshout.fi\/fi\/wp-json\/wp\/v2\/product_cat?post=695"},{"taxonomy":"product_tag","embeddable":true,"href":"https:\/\/www.noshout.fi\/fi\/wp-json\/wp\/v2\/product_tag?post=695"}],"curies":[{"name":"wp","href":"https:\/\/api.w.org\/{rel}","templated":true}]}}