{"id":2430,"date":"2022-05-05T20:31:10","date_gmt":"2022-05-05T20:31:10","guid":{"rendered":"https:\/\/www.noshout.fi\/product\/sonic-kahden-suuntainen-vastaanotin-paketti\/"},"modified":"2022-05-05T20:31:10","modified_gmt":"2022-05-05T20:31:10","slug":"sonic-kahden-suuntainen-vastaanotin-paketti","status":"publish","type":"product","link":"https:\/\/www.noshout.fi\/fi\/tuote\/sonic-kahden-suuntainen-vastaanotin-paketti\/","title":{"rendered":"Sonic kahden-suuntainen vastaanotin paketti"},"content":{"rendered":"<p>Sonic two-way receiver package.<\/p>\n<p>Compatible with Sonic transmitter.<\/p>\n<p>Complete set including a two-way receiver, wall charger, micro-USB cable, earplugs (5 pack), and ear hooks (2 pack).<\/p>\n<div dir=\"auto\"><\/div>\n","protected":false},"excerpt":{"rendered":"<p>Sonic kahden-suuntainen vastaanotin paketti.<\/p>\n<p>Yhteensopiva Sonic l\u00e4hettimen kanssa.<\/p>\n<p>Paketti sis\u00e4lt\u00e4\u00e4 vastaanottimen, sein\u00e4laturin, micro-USB kaapelin, korvasuojia (5kpl) sek\u00e4 korvasankoja (2kpl)<\/p>\n","protected":false},"featured_media":2428,"comment_status":"closed","ping_status":"closed","template":"","meta":[],"product_brand":[],"product_cat":[80],"product_tag":[],"class_list":{"0":"post-2430","1":"product","2":"type-product","3":"status-publish","4":"has-post-thumbnail","6":"product_cat-laitteet","8":"first","9":"instock","10":"taxable","11":"shipping-taxable","12":"purchasable","13":"product-type-simple"},"jetpack_sharing_enabled":true,"_links":{"self":[{"href":"https:\/\/www.noshout.fi\/fi\/wp-json\/wp\/v2\/product\/2430","targetHints":{"allow":["GET"]}}],"collection":[{"href":"https:\/\/www.noshout.fi\/fi\/wp-json\/wp\/v2\/product"}],"about":[{"href":"https:\/\/www.noshout.fi\/fi\/wp-json\/wp\/v2\/types\/product"}],"replies":[{"embeddable":true,"href":"https:\/\/www.noshout.fi\/fi\/wp-json\/wp\/v2\/comments?post=2430"}],"wp:featuredmedia":[{"embeddable":true,"href":"https:\/\/www.noshout.fi\/fi\/wp-json\/wp\/v2\/media\/2428"}],"wp:attachment":[{"href":"https:\/\/www.noshout.fi\/fi\/wp-json\/wp\/v2\/media?parent=2430"}],"wp:term":[{"taxonomy":"product_brand","embeddable":true,"href":"https:\/\/www.noshout.fi\/fi\/wp-json\/wp\/v2\/product_brand?post=2430"},{"taxonomy":"product_cat","embeddable":true,"href":"https:\/\/www.noshout.fi\/fi\/wp-json\/wp\/v2\/product_cat?post=2430"},{"taxonomy":"product_tag","embeddable":true,"href":"https:\/\/www.noshout.fi\/fi\/wp-json\/wp\/v2\/product_tag?post=2430"}],"curies":[{"name":"wp","href":"https:\/\/api.w.org\/{rel}","templated":true}]}}