{"id":2078,"date":"2021-06-21T07:22:44","date_gmt":"2021-06-21T07:22:44","guid":{"rendered":"https:\/\/www.noshout.fi\/product\/sonic\/"},"modified":"2021-06-21T15:54:01","modified_gmt":"2021-06-21T15:54:01","slug":"sonic","status":"publish","type":"product","link":"https:\/\/www.noshout.fi\/fi\/tuote\/sonic\/","title":{"rendered":"Sonic"},"content":{"rendered":"<div dir=\"auto\"><strong>UUTUUS! <\/strong>PIENIN KAHDENSUUNTAINEN \u00c4\u00c4NIYHTEYSLAITE KOSKAAN MARKKINOILLA!<\/div>\n<div dir=\"auto\">\u00a0<\/div>\n<div dir=\"auto\">NoShout Sonic mahdollistaa ratsastajan ja valmentajan\u00a0 kommunikoinnin jopa 150 metrin et\u00e4isyydell\u00e4 toisistaan. Ratsastajan t\u00e4ysin langattoman kuulokevastaanottimen kokonaispaino on ainoastaan 20 grammaa. Ratsastaja voi yhdell\u00e4 napin painalluksella valita, haluaako k\u00e4ytt\u00e4\u00e4 laitetta kahdensuuntaisesti vai yhdensuuntaisesti. Sis\u00e4\u00e4nrakennetun tuulensuojan ansiosta \u00e4\u00e4ni on kristallinkirkas, vaikka laitetta k\u00e4ytett\u00e4isiin ulkona tuulisissa olosuhteissa. Akun kesto on noin kolme tuntia jatkuvassa kahdensuuntaisessa k\u00e4yt\u00f6ss\u00e4 ja jopa kahdeksan tuntia jatkuvassa yhdensuuntaisessa k\u00e4yt\u00f6ss\u00e4. Pitk\u00e4n k\u00e4ytt\u00f6i\u00e4n litium-ioniakun lataaminen tyhj\u00e4st\u00e4 t\u00e4yteen kest\u00e4\u00e4 vain noin tunnin.<\/div>\n<div dir=\"auto\">\u00a0<\/div>\n<div dir=\"auto\">Valmentajan l\u00e4hettimess\u00e4 on eritt\u00e4in mukava kuulokemikrofoni, jota on miellytt\u00e4v\u00e4\u00e4 k\u00e4ytt\u00e4\u00e4 jopa pidemp\u00e4\u00e4n. L\u00e4hettimess\u00e4 on aux-in -lis\u00e4sis\u00e4\u00e4ntulo, jolla opetuksen taustalle voidaan liitt\u00e4\u00e4 esimerkiksi musiikinl\u00e4hde k\u00fcr-musiikin soittamista varten. Vain valmentaja ja ratsastaja kuulevat musiikin. L\u00e4hettimen n\u00e4yt\u00f6ss\u00e4 n\u00e4kyy akun lataustaso, mikrofonin l\u00e4hetystaso, valmentajan\u00a0 kuulokkeen kaiuttimen \u00e4\u00e4nenvoimakkuuden taso, n\u00e4pp\u00e4inlukko, mikrofonin mute- toiminto sek\u00e4\u00a0ratsastajan k\u00e4ytt\u00e4m\u00e4n kuulokkeen vastaanottoteho. L\u00e4hettimeen on mahdollista liitt\u00e4\u00e4 rajoittamaton m\u00e4\u00e4r\u00e4 vastaanottimia, joten NoShout Sonic sopii t\u00e4ydellisesti my\u00f6s suurempien ryhmien k\u00e4ytt\u00f6\u00f6n.<\/div>\n<div dir=\"auto\">\u00a0<\/div>\n<div dir=\"auto\">T\u00e4ydellinen peruspaketti sis\u00e4lt\u00e4\u00e4 kaiken tarvittavan valmentajalle ja yhdelle ratsastajalle, mukaan lukien laturit ja kantolaukun. Vastaanottimet ovat my\u00f6s ostettavissa erikseen.\u00a0<\/div>\n<div dir=\"auto\">\u00a0<\/div>\n<div dir=\"auto\">Katso NoShout Sonic -vastaanotinpaketti.<\/div>\n","protected":false},"excerpt":{"rendered":"<p>UUTUUS! PIENIN KAHDENSUUNTAINEN \u00c4\u00c4NIYHTEYSLAITE KOSKAAN MARKKINOILLA! \u00a0 NoShout Sonic mahdollistaa ratsastajan ja valmentajan\u00a0 kommunikoinnin jopa 150 metrin et\u00e4isyydell\u00e4 toisistaan. Ratsastajan t\u00e4ysin langattoman kuulokevastaanottimen kokonaispaino on ainoastaan 20 grammaa. Ratsastaja voi yhdell\u00e4 napin painalluksella valita, haluaako k\u00e4ytt\u00e4\u00e4 laitetta kahdensuuntaisesti vai yhdensuuntaisesti. Sis\u00e4\u00e4nrakennetun tuulensuojan ansiosta \u00e4\u00e4ni on kristallinkirkas, vaikka laitetta k\u00e4ytett\u00e4isiin ulkona tuulisissa olosuhteissa. Akun kesto on [&#8230;]\n","protected":false},"featured_media":2076,"comment_status":"closed","ping_status":"closed","template":"","meta":[],"product_brand":[],"product_cat":[80],"product_tag":[],"class_list":{"0":"post-2078","1":"product","2":"type-product","3":"status-publish","4":"has-post-thumbnail","6":"product_cat-laitteet","8":"first","9":"instock","10":"taxable","11":"shipping-taxable","12":"purchasable","13":"product-type-simple"},"jetpack_sharing_enabled":true,"_links":{"self":[{"href":"https:\/\/www.noshout.fi\/fi\/wp-json\/wp\/v2\/product\/2078","targetHints":{"allow":["GET"]}}],"collection":[{"href":"https:\/\/www.noshout.fi\/fi\/wp-json\/wp\/v2\/product"}],"about":[{"href":"https:\/\/www.noshout.fi\/fi\/wp-json\/wp\/v2\/types\/product"}],"replies":[{"embeddable":true,"href":"https:\/\/www.noshout.fi\/fi\/wp-json\/wp\/v2\/comments?post=2078"}],"wp:featuredmedia":[{"embeddable":true,"href":"https:\/\/www.noshout.fi\/fi\/wp-json\/wp\/v2\/media\/2076"}],"wp:attachment":[{"href":"https:\/\/www.noshout.fi\/fi\/wp-json\/wp\/v2\/media?parent=2078"}],"wp:term":[{"taxonomy":"product_brand","embeddable":true,"href":"https:\/\/www.noshout.fi\/fi\/wp-json\/wp\/v2\/product_brand?post=2078"},{"taxonomy":"product_cat","embeddable":true,"href":"https:\/\/www.noshout.fi\/fi\/wp-json\/wp\/v2\/product_cat?post=2078"},{"taxonomy":"product_tag","embeddable":true,"href":"https:\/\/www.noshout.fi\/fi\/wp-json\/wp\/v2\/product_tag?post=2078"}],"curies":[{"name":"wp","href":"https:\/\/api.w.org\/{rel}","templated":true}]}}