{"id":1923,"date":"2021-02-28T20:48:57","date_gmt":"2021-02-28T20:48:57","guid":{"rendered":"https:\/\/www.noshout.fi\/product\/freestyle-beat\/"},"modified":"2021-02-28T21:19:49","modified_gmt":"2021-02-28T21:19:49","slug":"freestyle-beat","status":"publish","type":"product","link":"https:\/\/www.noshout.fi\/fi\/tuote\/freestyle-beat\/","title":{"rendered":"FreeStyle Beat"},"content":{"rendered":"<p>Ratsasta k\u00fcr-musiikkisi tahtiin!\u00a0<\/p>\n<div dir=\"auto\">Uusi NoShout FreeStyle Beat mahdollistaa ratsastajan ja valmentajan kahdensuuntaisen kommunikoinnin ilman napin painalluksia. Lis\u00e4ksi l\u00e4hettimeen on mahdollista kytke\u00e4 aux-liit\u00e4nn\u00e4n kautta esim. puhelin josta soittaa esim. k\u00fcr- musiikkia valmentajan ohjeiden taustalle. Vain ratsastaja ja valmentaja kuulee musiikin!<\/p>\n<div dir=\"auto\">Ratsastajalla on vastaanotin jossa lyhyt antenni joka mahdollistaa laitteen sijoittamisen mukavasti esim. housujen vy\u00f6lle tai taskuun.<\/div>\n<div dir=\"auto\">Laitteessa huippulaadukas \u00e4\u00e4ni ja pitk\u00e4 kantama (&gt;200m).<\/div>\n<div dir=\"auto\">Korkeus- sek\u00e4 sivusuunnassa s\u00e4\u00e4dett\u00e4v\u00e4, pehmustettu mono- kuuloke on eritt\u00e4in mukava kantaa. Mikrofonissa lis\u00e4ksi tuulensuoja v\u00e4hent\u00e4m\u00e4ss\u00e4 mahdollista taustakohinaa.<\/div>\n<div dir=\"auto\">L\u00e4hettimeen liitett\u00e4viss\u00e4 rajaton m\u00e4\u00e4r\u00e4 vastaanottimia, joten laite sopii mainiosti my\u00f6s suuremmille ryhmille.\u00a0<\/div>\n<div dir=\"auto\">Feel the Beat!<\/div>\n<div dir=\"auto\">\u00a0<\/div>\n<div dir=\"auto\">T\u00e4ydelliseen toimitukseen kuuluu: l\u00e4hetin, vastaanotin, kaksi mikrofonikuuloketta, dual mini-usb sein\u00e4laturi, dual usb autolaturi, kaksi mini- usb latauskaapelia, audio kaapeli sek\u00e4 k\u00e4tev\u00e4 s\u00e4ilytyslaukku.<\/div>\n<\/div>\n","protected":false},"excerpt":{"rendered":"<p><strong>Ratsasta k\u00fcr-musiikkisi tahtiin!\u00a0<\/strong><\/p>\n","protected":false},"featured_media":1916,"comment_status":"closed","ping_status":"closed","template":"","meta":[],"product_brand":[],"product_cat":[80],"product_tag":[],"class_list":{"0":"post-1923","1":"product","2":"type-product","3":"status-publish","4":"has-post-thumbnail","6":"product_cat-laitteet","8":"first","9":"instock","10":"taxable","11":"shipping-taxable","12":"purchasable","13":"product-type-simple"},"jetpack_sharing_enabled":true,"_links":{"self":[{"href":"https:\/\/www.noshout.fi\/fi\/wp-json\/wp\/v2\/product\/1923","targetHints":{"allow":["GET"]}}],"collection":[{"href":"https:\/\/www.noshout.fi\/fi\/wp-json\/wp\/v2\/product"}],"about":[{"href":"https:\/\/www.noshout.fi\/fi\/wp-json\/wp\/v2\/types\/product"}],"replies":[{"embeddable":true,"href":"https:\/\/www.noshout.fi\/fi\/wp-json\/wp\/v2\/comments?post=1923"}],"wp:featuredmedia":[{"embeddable":true,"href":"https:\/\/www.noshout.fi\/fi\/wp-json\/wp\/v2\/media\/1916"}],"wp:attachment":[{"href":"https:\/\/www.noshout.fi\/fi\/wp-json\/wp\/v2\/media?parent=1923"}],"wp:term":[{"taxonomy":"product_brand","embeddable":true,"href":"https:\/\/www.noshout.fi\/fi\/wp-json\/wp\/v2\/product_brand?post=1923"},{"taxonomy":"product_cat","embeddable":true,"href":"https:\/\/www.noshout.fi\/fi\/wp-json\/wp\/v2\/product_cat?post=1923"},{"taxonomy":"product_tag","embeddable":true,"href":"https:\/\/www.noshout.fi\/fi\/wp-json\/wp\/v2\/product_tag?post=1923"}],"curies":[{"name":"wp","href":"https:\/\/api.w.org\/{rel}","templated":true}]}}