{"id":1892,"date":"2021-02-12T20:50:21","date_gmt":"2021-02-12T20:50:21","guid":{"rendered":"https:\/\/www.noshout.fi\/product\/sailytyskotelo-korvakuulokkeelle\/"},"modified":"2024-09-15T08:05:36","modified_gmt":"2024-09-15T08:05:36","slug":"sailytyskotelo-korvakuulokkeelle","status":"publish","type":"product","link":"https:\/\/www.noshout.fi\/fi\/tuote\/sailytyskotelo-korvakuulokkeelle\/","title":{"rendered":"S\u00e4ilytyskotelo korvakuulokkeelle"},"content":{"rendered":"<p><span class=\"VIiyi\" lang=\"fi\"><span class=\"JLqJ4b ChMk0b\" data-language-for-alternatives=\"fi\" data-language-to-translate-into=\"sv\" data-phrase-index=\"0\">K\u00e4yt\u00e4nn\u00f6llinen s\u00e4ilytyskotelo kuulokkeelle ja lis\u00e4varusteille.<\/span> <span class=\"JLqJ4b ChMk0b\" data-language-for-alternatives=\"fi\" data-language-to-translate-into=\"sv\" data-phrase-index=\"1\">Laukku on varustettu karabiinilla, joka on helppo kiinnitt\u00e4\u00e4 esim.<\/span> <span class=\"JLqJ4b ChMk0b\" data-language-for-alternatives=\"fi\" data-language-to-translate-into=\"sv\" data-phrase-index=\"2\">kyp\u00e4r\u00e4n laukkuun tai vy\u00f6h\u00f6n.<\/span><\/span><\/p>\n<p><span class=\"VIiyi\" lang=\"fi\"><span class=\"JLqJ4b ChMk0b\" data-language-for-alternatives=\"fi\" data-language-to-translate-into=\"sv\" data-phrase-index=\"4\">(Hinta ei sis\u00e4ll\u00e4 kuuloketta ja lis\u00e4varusteita, jotka n\u00e4kyv\u00e4t kuvassa.)<\/span><\/span><\/p>\n","protected":false},"excerpt":{"rendered":"<p>K\u00e4yt\u00e4nn\u00f6llinen s\u00e4ilytyskotelo kuulokkeelle ja lis\u00e4varusteille. Laukku on varustettu karabiinilla, joka on helppo kiinnitt\u00e4\u00e4 esim. kyp\u00e4r\u00e4n laukkuun tai vy\u00f6h\u00f6n. (Hinta ei sis\u00e4ll\u00e4 kuuloketta ja lis\u00e4varusteita, jotka n\u00e4kyv\u00e4t kuvassa.)<\/p>\n","protected":false},"featured_media":3337,"comment_status":"closed","ping_status":"closed","template":"","meta":[],"product_brand":[],"product_cat":[78],"product_tag":[],"class_list":{"0":"post-1892","1":"product","2":"type-product","3":"status-publish","4":"has-post-thumbnail","6":"product_cat-lisatarvikkeet","8":"first","9":"instock","10":"taxable","11":"shipping-taxable","12":"purchasable","13":"product-type-variable"},"jetpack_sharing_enabled":true,"_links":{"self":[{"href":"https:\/\/www.noshout.fi\/fi\/wp-json\/wp\/v2\/product\/1892","targetHints":{"allow":["GET"]}}],"collection":[{"href":"https:\/\/www.noshout.fi\/fi\/wp-json\/wp\/v2\/product"}],"about":[{"href":"https:\/\/www.noshout.fi\/fi\/wp-json\/wp\/v2\/types\/product"}],"replies":[{"embeddable":true,"href":"https:\/\/www.noshout.fi\/fi\/wp-json\/wp\/v2\/comments?post=1892"}],"wp:featuredmedia":[{"embeddable":true,"href":"https:\/\/www.noshout.fi\/fi\/wp-json\/wp\/v2\/media\/3337"}],"wp:attachment":[{"href":"https:\/\/www.noshout.fi\/fi\/wp-json\/wp\/v2\/media?parent=1892"}],"wp:term":[{"taxonomy":"product_brand","embeddable":true,"href":"https:\/\/www.noshout.fi\/fi\/wp-json\/wp\/v2\/product_brand?post=1892"},{"taxonomy":"product_cat","embeddable":true,"href":"https:\/\/www.noshout.fi\/fi\/wp-json\/wp\/v2\/product_cat?post=1892"},{"taxonomy":"product_tag","embeddable":true,"href":"https:\/\/www.noshout.fi\/fi\/wp-json\/wp\/v2\/product_tag?post=1892"}],"curies":[{"name":"wp","href":"https:\/\/api.w.org\/{rel}","templated":true}]}}