{"id":1531,"date":"2020-04-07T19:39:44","date_gmt":"2020-04-07T19:39:44","guid":{"rendered":"https:\/\/www.noshout.fi\/?post_type=product&#038;p=1531"},"modified":"2020-04-07T19:45:15","modified_gmt":"2020-04-07T19:45:15","slug":"freestyle-x-vastaanotin-paketti-copy","status":"publish","type":"product","link":"https:\/\/www.noshout.fi\/fi\/tuote\/freestyle-x-vastaanotin-paketti-copy\/","title":{"rendered":"FreeStyle X Vastaanotin Paketti"},"content":{"rendered":"<p>Paketti sis\u00e4lt\u00e4\u00e4: FreeStyle X vastaanotin, Micro-USB Laturi, Korvanappeja (5 kpl) ja korvasankoja (2 kpl).<\/p>\n","protected":false},"excerpt":{"rendered":"<p>Paketti sis\u00e4lt\u00e4\u00e4: FreeStyle X vastaanotin, Micro-USB Laturi, Korvanappeja (5 kpl) ja korvasankoja (2 kpl).<\/p>\n","protected":false},"featured_media":1514,"comment_status":"closed","ping_status":"closed","template":"","meta":[],"product_brand":[],"product_cat":[80],"product_tag":[],"class_list":{"0":"post-1531","1":"product","2":"type-product","3":"status-publish","4":"has-post-thumbnail","6":"product_cat-laitteet","8":"first","9":"instock","10":"taxable","11":"shipping-taxable","12":"purchasable","13":"product-type-simple"},"jetpack_sharing_enabled":true,"_links":{"self":[{"href":"https:\/\/www.noshout.fi\/fi\/wp-json\/wp\/v2\/product\/1531","targetHints":{"allow":["GET"]}}],"collection":[{"href":"https:\/\/www.noshout.fi\/fi\/wp-json\/wp\/v2\/product"}],"about":[{"href":"https:\/\/www.noshout.fi\/fi\/wp-json\/wp\/v2\/types\/product"}],"replies":[{"embeddable":true,"href":"https:\/\/www.noshout.fi\/fi\/wp-json\/wp\/v2\/comments?post=1531"}],"wp:featuredmedia":[{"embeddable":true,"href":"https:\/\/www.noshout.fi\/fi\/wp-json\/wp\/v2\/media\/1514"}],"wp:attachment":[{"href":"https:\/\/www.noshout.fi\/fi\/wp-json\/wp\/v2\/media?parent=1531"}],"wp:term":[{"taxonomy":"product_brand","embeddable":true,"href":"https:\/\/www.noshout.fi\/fi\/wp-json\/wp\/v2\/product_brand?post=1531"},{"taxonomy":"product_cat","embeddable":true,"href":"https:\/\/www.noshout.fi\/fi\/wp-json\/wp\/v2\/product_cat?post=1531"},{"taxonomy":"product_tag","embeddable":true,"href":"https:\/\/www.noshout.fi\/fi\/wp-json\/wp\/v2\/product_tag?post=1531"}],"curies":[{"name":"wp","href":"https:\/\/api.w.org\/{rel}","templated":true}]}}