{"id":1139,"date":"2018-11-28T19:16:45","date_gmt":"2018-11-28T19:16:46","guid":{"rendered":"https:\/\/www.noshout.fi\/?post_type=product&#038;p=1139"},"modified":"2018-11-28T19:22:58","modified_gmt":"2018-11-28T19:22:58","slug":"sportsphone-perfect-pink","status":"publish","type":"product","link":"https:\/\/www.noshout.fi\/fi\/tuote\/sportsphone-perfect-pink\/","title":{"rendered":"Sportsphone (Perfect Pink)"},"content":{"rendered":"<p>Vastaanottimessa eritt\u00e4in tukevat \u201cneckband\u201d kulokkeet joiden paikallaan pysyminen on sataprosenttinen!<br \/>\nLaitteessa kristallin kirkas \u00e4\u00e4ni ja kuuluvuus joka on aivan omaa luokkaansa voimakkaan radiosignaalin ja kahden kaiuttimen ansiosta. L\u00e4hettimeen liittet\u00e4viss\u00e4 rajaton m\u00e4\u00e4r\u00e4 vastaanottimia, joten laite sopii erinoimaisesti k\u00e4ytett\u00e4v\u00e4ksi my\u00f6s suuremmille ryhmille. H\u00e4iri\u00f6t\u00f6n kuuluvuus yli 250 metri\u00e4.<\/p>\n","protected":false},"excerpt":{"rendered":"<h5>Kovaan menoon. Antenniton, eritt\u00e4in pienikokoinen ja kevyt \u00e4\u00e4niyhteyslaite.<\/h5>\n","protected":false},"featured_media":1142,"comment_status":"closed","ping_status":"closed","template":"","meta":[],"product_brand":[],"product_cat":[80],"product_tag":[],"class_list":{"0":"post-1139","1":"product","2":"type-product","3":"status-publish","4":"has-post-thumbnail","6":"product_cat-laitteet","8":"first","9":"instock","10":"taxable","11":"shipping-taxable","12":"purchasable","13":"product-type-simple"},"jetpack_sharing_enabled":true,"_links":{"self":[{"href":"https:\/\/www.noshout.fi\/fi\/wp-json\/wp\/v2\/product\/1139","targetHints":{"allow":["GET"]}}],"collection":[{"href":"https:\/\/www.noshout.fi\/fi\/wp-json\/wp\/v2\/product"}],"about":[{"href":"https:\/\/www.noshout.fi\/fi\/wp-json\/wp\/v2\/types\/product"}],"replies":[{"embeddable":true,"href":"https:\/\/www.noshout.fi\/fi\/wp-json\/wp\/v2\/comments?post=1139"}],"wp:featuredmedia":[{"embeddable":true,"href":"https:\/\/www.noshout.fi\/fi\/wp-json\/wp\/v2\/media\/1142"}],"wp:attachment":[{"href":"https:\/\/www.noshout.fi\/fi\/wp-json\/wp\/v2\/media?parent=1139"}],"wp:term":[{"taxonomy":"product_brand","embeddable":true,"href":"https:\/\/www.noshout.fi\/fi\/wp-json\/wp\/v2\/product_brand?post=1139"},{"taxonomy":"product_cat","embeddable":true,"href":"https:\/\/www.noshout.fi\/fi\/wp-json\/wp\/v2\/product_cat?post=1139"},{"taxonomy":"product_tag","embeddable":true,"href":"https:\/\/www.noshout.fi\/fi\/wp-json\/wp\/v2\/product_tag?post=1139"}],"curies":[{"name":"wp","href":"https:\/\/api.w.org\/{rel}","templated":true}]}}