{"id":773,"date":"2018-01-27T11:38:26","date_gmt":"2018-01-27T11:38:26","guid":{"rendered":"https:\/\/www.noshout.fi\/shop\/kayttoehdot\/"},"modified":"2018-01-27T11:48:48","modified_gmt":"2018-01-27T11:48:48","slug":"kayttoehdot","status":"publish","type":"page","link":"https:\/\/www.noshout.fi\/fi\/kayttoehdot\/","title":{"rendered":"K\u00e4ytt\u00f6ehdot"},"content":{"rendered":"<div class=\"row\"  id=\"row-681511639\">\n\n\t<div id=\"col-569919701\" class=\"col small-12 large-12\"  >\n\t\t\t\t<div class=\"col-inner\"  >\n\t\t\t\n\t\t\t\n<a href=\"http:\/\/www.noshout.fi\/shop\/elements\/pages\/payment-shipping\/?lang=fi\" class=\"button primary is-underline\" >\n\t\t<span>Maksu &amp; Toimitus<\/span>\n\t<\/a>\n\n<a href=\"http:\/\/www.noshout.fi\/shop\/elements\/pages\/terms-conditions\/?lang=fi\" class=\"button primary is-underline\" >\n\t\t<span>K\u00e4ytt\u00f6ehdot<\/span>\n\t<\/a>\n\n<a href=\"http:\/\/www.noshout.fi\/shop\/elements\/pages\/returns-warranty\/?lang=fi\" class=\"button primary is-underline\" >\n\t\t<span>Takuu &amp; Palautus<\/span>\n\t<\/a>\n\n<div class=\"container section-title-container\" ><h3 class=\"section-title section-title-normal\"><b aria-hidden=\"true\"><\/b><span class=\"section-title-main\" >K\u00e4ytt\u00f6ehdot<\/span><b aria-hidden=\"true\"><\/b><\/h3><\/div>\n<p>Yksityisille kuluttajille arvonlis\u00e4vero 24% sis\u00e4ltyy kaikissa hinnoissa. Maksu suoritetaan korttimaksuna. Maksaa voit Visa, MasterCard,<br \/>\nAmerican Express ym. luottokorttien kanssa turvallisesti heti tilauksen j\u00e4lkeen. Korttitietosi l\u00e4hetet\u00e4\u00e4n suoraan pankkiin eik\u00e4 niit\u00e4 voi lukea kukaan muu. Emme peri lis\u00e4maksua korttimaksuista. K\u00e4yt\u00e4mme Klarnan ja Paypalin maksuj\u00e4rjestelmi\u00e4, jotka mahdollistavat maksun useimmilla luottokorteilla. Willn\u00e4s Oy \/ NoShout pid\u00e4tt\u00e4\u00e4 itsell\u00e4\u00e4n oikeuden muuttaa hintoja, virheellisi\u00e4 hintoja ja lopullista<br \/>\nsummaa jos n\u00e4m\u00e4 ovat selv\u00e4sti virheellisi\u00e4. Yrityksille m\u00e4\u00e4ritelty ALV erikseen (netto + alv). ALV on 24%.<\/p>\n<p><strong>Toimitus ja Peruutus<\/strong><\/p>\n<p>Kaikki tilaukset jotka sapuvat ennen puoltap\u00e4iv\u00e4\u00e4 klo 12:00 maanantaista perjantaihin k\u00e4sitell\u00e4\u00e4n samana p\u00e4iv\u00e4n\u00e4. Tuotteiden toimitus tapahtuu 1-14 ty\u00f6p\u00e4iv\u00e4n kuluessa. Saapuneet tilaukset lauantaina ja sunnuntaina k\u00e4sitell\u00e4\u00e4n seuraavana maanantaina \/arkip\u00e4iv\u00e4n\u00e4. Toimitukset tapahtuu Postitse, DPDll\u00e4 tai DHLll\u00e4. Peruutus kun tilaus on l\u00e4hetetty ei ole mahdollista. Kun tilaus on l\u00e4hetetty asiakkaalle on h\u00e4n velvollinen vastaanottamaan tilauksen. Asiakkaalle erityisesti hankittua tai valmistettua tuotetta ei voi peruuttaa tai palauttaa. Peruutus ei ole voimassa, ennen kuin asiakas on vahvistanut peruutuksen Willn\u00e4s Oy:lle \/ NoShout:lle s\u00e4hk\u00f6postitse. Kaikki tavarat ovat Willn\u00e4s Oy:n \/ NoShout:n omaisuutta kunnes t\u00e4ysi maksu on vastaanotettu.<\/p>\n<p><strong>Vastuu virheist\u00e4<\/strong><\/p>\n<p>Willn\u00e4s Oy:n \/ NoShout:n vastuu virheist\u00e4 toimituksissa on rajoitettu nykyisiin olosuhteisiin, Willn\u00e4s Oy \/ NoShout ei vastaa esimerkiksi yhteensopimattomuus kysymyksiin, toimitusten viiv\u00e4stymisiin, lis\u00e4- tai muihin taloudellisiin vahinkoihin.<\/p>\n<p><strong>Valitukset ja peruuttamisen ehdot<\/strong><\/p>\n<p>On tarkoituksenmukaista, ett\u00e4 te, asiakkaana tarkistatte toimitetut tuotteet, ett\u00e4 ne ovat oikein ja virheett\u00f6mi\u00e4. Jos on syyt\u00e4 valitukseen ottakaa yhteytt\u00e4 Willn\u00e4s Oy:n \/ NoShout:n s\u00e4hk\u00f6postiin info@noshout.fi ja antakaa tilaustunnus ja syy valitukseen. Kaikissa tapauksissa, jos tuote palautetaan Willn\u00e4s Oy:lle \/ NoShout:lle kuluttajan on ensin otettava yhteytt\u00e4 info@noshout.fi. Kaikki Willn\u00e4s Oy:lle \/ NoShout:lle palautettavat tuotteet tulee k\u00e4sitell\u00e4 kuin ne olisivat virheett\u00f6mi\u00e4. On kaikentyyppisiss\u00e4 palautuksissa t\u00e4rke\u00e4\u00e4, ett\u00e4 tuote on pakattu siten, ett\u00e4 se ei voi vaurioitua.<\/p>\n<p>Willn\u00e4s Oy \/ NoShout varaa oikeuden vaihtaa viallisen tuotteen uuteen samanlaiseen. Yksityisen kuluttajan tuotepalautuksen takaisinmaksuaika on 30 p\u00e4iv\u00e4\u00e4. Kuluttajilla on oikeus purkaa kauppa 14 p\u00e4iv\u00e4n sis\u00e4ll\u00e4. Vain k\u00e4ytt\u00e4m\u00e4tt\u00f6m\u00e4t tuotteet, alkuper\u00e4isiss\u00e4 pakkauksissa voidaan palauttaa. Palautuskulut maksaa kuluttaja k\u00e4ytt\u00e4ess\u00e4\u00e4n peruuttamisoikeutta. Tavara toimitetaan osoitteeseen; Willn\u00e4s Oy, Myllykyl\u00e4ntie 45, FI-02400 Kirkkonummi, Suomi.<\/p>\n<p><strong>Lunastamattomat l\u00e4hetykset<\/strong><\/p>\n<p>Mik\u00e4li tilattua tuotetta ei m\u00e4\u00e4r\u00e4aikana noudeta Postista, ja tuote palautuu Willn\u00e4s Oy:lle \/ NoShout:lle, veloitetaan k\u00e4sittelymaksu 50\u20ac, &#8211; + alv kattamaan Willn\u00e4s Oy:n \/ NoShout:n kuljetus- ja hallinnolliset kustannukset.<\/p>\n<p><strong> Kuljetuksessa vahingoittuneet tuotteet<\/strong><\/p>\n<p>Jos tuote on vaurioitunut kuljetuksen aikana, on se ilmoitettava v\u00e4litt\u00f6m\u00e4sti info@noshout.fi.<\/p>\n<p><strong>Tuki<\/strong><\/p>\n<p>Olet tervetullut ottamaan yhteytt\u00e4 meihin s\u00e4hk\u00f6postitse info@noshout.fi tai puhelimitse +358407059796 jos sinulla on kysymyksi\u00e4.<\/p>\n<p><strong>Muuta<\/strong><\/p>\n<p>Willn\u00e4s Oy \/ NoShout pid\u00e4tt\u00e4\u00e4 oikeuden muuttaa mit\u00e4 tahansa tietoja, mukaan lukien mutta ei rajoittuen hintoihin, teknisiin tietoihin ja tuotetarjontaan ilman ennakkoilmoitusta. Kuvia ja tekstej\u00e4 NoShout verkkosivuilla ei saa k\u00e4ytt\u00e4\u00e4 miss\u00e4\u00e4n yhteydess\u00e4 ilman lupaamme. Pid\u00e4t\u00e4mme oikeuden teksti- ja kuvavirheisiin.<\/p>\n\t\t<\/div>\n\t\t\t\t\t<\/div>\n\n\t\n<\/div>\n","protected":false},"excerpt":{"rendered":"","protected":false},"author":2,"featured_media":0,"parent":0,"menu_order":0,"comment_status":"closed","ping_status":"closed","template":"","meta":{"footnotes":""},"class_list":["post-773","page","type-page","status-publish","hentry"],"jetpack_sharing_enabled":true,"_links":{"self":[{"href":"https:\/\/www.noshout.fi\/fi\/wp-json\/wp\/v2\/pages\/773","targetHints":{"allow":["GET"]}}],"collection":[{"href":"https:\/\/www.noshout.fi\/fi\/wp-json\/wp\/v2\/pages"}],"about":[{"href":"https:\/\/www.noshout.fi\/fi\/wp-json\/wp\/v2\/types\/page"}],"author":[{"embeddable":true,"href":"https:\/\/www.noshout.fi\/fi\/wp-json\/wp\/v2\/users\/2"}],"replies":[{"embeddable":true,"href":"https:\/\/www.noshout.fi\/fi\/wp-json\/wp\/v2\/comments?post=773"}],"version-history":[{"count":1,"href":"https:\/\/www.noshout.fi\/fi\/wp-json\/wp\/v2\/pages\/773\/revisions"}],"predecessor-version":[{"id":780,"href":"https:\/\/www.noshout.fi\/fi\/wp-json\/wp\/v2\/pages\/773\/revisions\/780"}],"wp:attachment":[{"href":"https:\/\/www.noshout.fi\/fi\/wp-json\/wp\/v2\/media?parent=773"}],"curies":[{"name":"wp","href":"https:\/\/api.w.org\/{rel}","templated":true}]}}