{"id":771,"date":"2018-01-27T11:29:24","date_gmt":"2018-01-27T11:29:24","guid":{"rendered":"https:\/\/www.noshout.fi\/shop\/takuu-palautus\/"},"modified":"2018-01-27T11:48:25","modified_gmt":"2018-01-27T11:48:25","slug":"takuu-palautus","status":"publish","type":"page","link":"https:\/\/www.noshout.fi\/fi\/takuu-palautus\/","title":{"rendered":"Takuu &#038; Palautus"},"content":{"rendered":"<div class=\"row\"  id=\"row-996243174\">\n\n\t<div id=\"col-1199513214\" class=\"col small-12 large-12\"  >\n\t\t\t\t<div class=\"col-inner\"  >\n\t\t\t\n\t\t\t\n<a href=\"http:\/\/www.noshout.fi\/shop\/elements\/pages\/payment-shipping\/?lang=fi\" class=\"button primary is-underline\" >\n\t\t<span>Maksu &amp; Toimitus<\/span>\n\t<\/a>\n\n<a href=\"http:\/\/www.noshout.fi\/shop\/elements\/pages\/terms-conditions\/?lang=fi\" class=\"button primary is-underline\" >\n\t\t<span>K\u00e4ytt\u00f6ehdot<\/span>\n\t<\/a>\n\n<a href=\"http:\/\/www.noshout.fi\/shop\/elements\/pages\/returns-warranty\/?lang=fi\" class=\"button primary is-underline\" >\n\t\t<span>Takuu &amp; Palautus<\/span>\n\t<\/a>\n\n<div class=\"container section-title-container\" ><h3 class=\"section-title section-title-normal\"><b aria-hidden=\"true\"><\/b><span class=\"section-title-main\" >Takuu<\/span><b aria-hidden=\"true\"><\/b><\/h3><\/div>\n<p><strong>Mik\u00e4 on NoShout laitteiden takuuaika?<\/strong><br \/>\n<span id=\"result_box\" class=\"\" lang=\"en\"><span title=\"Sinulla on oikeus peruuttaa tekem\u00e4si tilaus l\u00e4hetyksen saatuasi ja tarkastettuasi tuotteet.\"> Kaikissa laitteissa on yhden (1) vuoden takuu joka kattaa mahdollisia valmistusvirheit\u00e4. Takuuseen ei kuulu k\u00e4yt\u00f6st\u00e4 johtuva normaali kuluminen eik\u00e4 se koske kuuloke- \/ mikrofonijohtoja tai kuulokkeiden korvasankoja. Takuuseen ei my\u00f6sk\u00e4\u00e4n kuulu laitteiden v\u00e4\u00e4rink\u00e4yt\u00f6st\u00e4 johtuvia vahinkoja.<\/span><\/span><\/p>\n<div class=\"container section-title-container\" ><h3 class=\"section-title section-title-normal\"><b aria-hidden=\"true\"><\/b><span class=\"section-title-main\" >Palautus<\/span><b aria-hidden=\"true\"><\/b><\/h3><\/div>\n<p><strong>Mik\u00e4 on palautusoikeus NoShout tuotteissa?<\/strong><br \/>\nNoShout takaa 100% asiakastyytyv\u00e4isyyden kaikista ostoista jotka on tehty verkkosivustomme kautta. Sinulla on oikeus peruuttaa tilaus saatuasi ja tarkastettuasi tuotteet. Huomaa, ett\u00e4 vain alkuper\u00e4ispakkauksessa olevia avaamattomia tuotteita voidaan palauttaa. K\u00e4ytettyj\u00e4 tuotteita ei hyv\u00e4ksyt\u00e4 palautettaviksi.<\/p>\n<div class=\"container section-title-container\" ><h3 class=\"section-title section-title-normal\"><b aria-hidden=\"true\"><\/b><span class=\"section-title-main\" >Muuta<\/span><b aria-hidden=\"true\"><\/b><\/h3><\/div>\n<p>Pid\u00e4t\u00e4mme oikeuden muuttaa toimitusehtojamme. Asiakkaan on ennen tilaustaan tutustuttava kulloinkin voimassa oleviin toimitusehtoihin.<br \/>\nWilln\u00e4s Oy \/ NoShout k\u00e4sittelee kaikki asiakastiedot t\u00e4ysin luottamuksellisesti, ja sitoutuu olemaan luovuttamatta asiakastietoja kolmannelle osapuolelle.<\/p>\n\t\t<\/div>\n\t\t\t\t\t<\/div>\n\n\t\n<\/div>\n","protected":false},"excerpt":{"rendered":"","protected":false},"author":2,"featured_media":0,"parent":0,"menu_order":0,"comment_status":"closed","ping_status":"closed","template":"","meta":{"footnotes":""},"class_list":["post-771","page","type-page","status-publish","hentry"],"jetpack_sharing_enabled":true,"_links":{"self":[{"href":"https:\/\/www.noshout.fi\/fi\/wp-json\/wp\/v2\/pages\/771","targetHints":{"allow":["GET"]}}],"collection":[{"href":"https:\/\/www.noshout.fi\/fi\/wp-json\/wp\/v2\/pages"}],"about":[{"href":"https:\/\/www.noshout.fi\/fi\/wp-json\/wp\/v2\/types\/page"}],"author":[{"embeddable":true,"href":"https:\/\/www.noshout.fi\/fi\/wp-json\/wp\/v2\/users\/2"}],"replies":[{"embeddable":true,"href":"https:\/\/www.noshout.fi\/fi\/wp-json\/wp\/v2\/comments?post=771"}],"version-history":[{"count":1,"href":"https:\/\/www.noshout.fi\/fi\/wp-json\/wp\/v2\/pages\/771\/revisions"}],"predecessor-version":[{"id":779,"href":"https:\/\/www.noshout.fi\/fi\/wp-json\/wp\/v2\/pages\/771\/revisions\/779"}],"wp:attachment":[{"href":"https:\/\/www.noshout.fi\/fi\/wp-json\/wp\/v2\/media?parent=771"}],"curies":[{"name":"wp","href":"https:\/\/api.w.org\/{rel}","templated":true}]}}