{"id":766,"date":"2018-01-27T11:16:53","date_gmt":"2018-01-27T11:16:53","guid":{"rendered":"https:\/\/www.noshout.fi\/shop\/maksu-toimitus\/"},"modified":"2018-01-27T11:48:04","modified_gmt":"2018-01-27T11:48:04","slug":"maksu-toimitus","status":"publish","type":"page","link":"https:\/\/www.noshout.fi\/fi\/maksu-toimitus\/","title":{"rendered":"Maksu &#038; Toimitus"},"content":{"rendered":"<div class=\"row\"  id=\"row-69267510\">\n\n\t<div id=\"col-1693420082\" class=\"col small-12 large-12\"  >\n\t\t\t\t<div class=\"col-inner\"  >\n\t\t\t\n\t\t\t\n<a href=\"http:\/\/www.noshout.fi\/shop\/elements\/pages\/payment-shipping\/?lang=fi\" class=\"button primary is-underline\" >\n\t\t<span>Maksu &amp; Toimitus<\/span>\n\t<\/a>\n\n<a href=\"http:\/\/www.noshout.fi\/shop\/elements\/pages\/terms-conditions\/?lang=fi\" class=\"button primary is-underline\" >\n\t\t<span>K\u00e4ytt\u00f6ehdot<\/span>\n\t<\/a>\n\n<a href=\"http:\/\/www.noshout.fi\/shop\/elements\/pages\/returns-warranty\/?lang=fi\" class=\"button primary is-underline\" >\n\t\t<span>Takuu &amp; Palautus<\/span>\n\t<\/a>\n\n<div class=\"container section-title-container\" style=\"margin-top:0px;\"><h3 class=\"section-title section-title-normal\"><b aria-hidden=\"true\"><\/b><span class=\"section-title-main\" >Maksu<\/span><b aria-hidden=\"true\"><\/b><\/h3><\/div>\n<p><strong>Maksutavat<\/strong><br \/>\nTarjoamme kaksi erilaista maksutapaa verkkokaupassamme, Klarna Checkout ja PayPal Express Checkout.<\/p>\n<p><strong>Klarna Checkout<\/strong><br \/>\nAsiakkaat Suomessa, Ruotsissa, Norjassa, Tanskassa, Saksassa ja Iso-Britanniassa voivat valita Klarna Checkout. T\u00e4ss\u00e4 vaihtoehdossa voit ostaa tuotteet my\u00f6s k\u00e4tev\u00e4sti osamaksulla.<\/p>\n<p><strong>PayPal Express Checkout<\/strong><br \/>\nKaikki muut maat, toki my\u00f6s edell\u00e4 mainitut maat, voivat valita PayPal Express Checkout.<\/p>\n<div class=\"container section-title-container\" style=\"margin-top:30px;\"><h3 class=\"section-title section-title-normal\"><b aria-hidden=\"true\"><\/b><span class=\"section-title-main\" >Toimitus<\/span><b aria-hidden=\"true\"><\/b><\/h3><\/div>\n<p><strong>Milloin tilaukseni toimitetaan?<\/strong><br \/>\nKaikki tilaukset pyrit\u00e4\u00e4n postittamaan viimeist\u00e4\u00e4n kahden arkip\u00e4iv\u00e4n sis\u00e4ll\u00e4 tilauksen saapumisesta. K\u00e4sittelemme tilaukset aina samana tai viimeist\u00e4\u00e4n seuraavana ty\u00f6p\u00e4iv\u00e4n\u00e4. Riippuen varastotilanteesta, tuotteiden toimitus voi joskus harvoin kest\u00e4\u00e4 noin 2-3 viikkoa, t\u00e4ll\u00f6in asiakkaalle ilmoitetaan toimituksen viiv\u00e4stymisest\u00e4 s\u00e4hk\u00f6postilla.<\/p>\n<p><strong>Kuinka kauan toimitus kest\u00e4\u00e4?<\/strong><br \/>\nToimitusajat vaihtelevat maittain. Tilaukset Suomessa toimitetaan perille 2-4 p\u00e4iv\u00e4ss\u00e4, EU:n alueella 2-14 p\u00e4iv\u00e4ss\u00e4 ja Euroopan ulkopuolella 4-21 p\u00e4iv\u00e4ss\u00e4.<\/p>\n<p><strong>Mitk\u00e4 ovat toimituskulut?<\/strong><br \/>\nToimituskulut sis\u00e4lt\u00e4v\u00e4t posti- ja pakkauskulut ja ne ovat saatavilla lopullisesta, ostoskorin kassalla n\u00e4yt\u00f6st\u00e4, kun kaikki tiedot on sy\u00f6tetty j\u00e4rjestelm\u00e4\u00e4n. Toimitamme tilaukset pakettina tai kirjeen\u00e4, ainoastaan pakettia voit seurata l\u00e4hetystunnuksella. Toimituskulut Suomessa ovat v\u00e4lill\u00e4 5,00-20,00 \u20ac, muut maat Eu:n alueella 25,00 \u20ac, tilaukset Euroopan ulkopuolelta 45 \u20ac.<\/p>\n<p><strong>Ongelmatilanteet kuljetuksessa sek\u00e4 viallisten tuotteiden osalta<\/strong><br \/>\nMik\u00e4li tuote on kadonnut kuljetuksen aikana, vioittunut tai sinulle on toimitettu v\u00e4\u00e4r\u00e4 tuote, tulee sinun ilmoittaa virheest\u00e4 v\u00e4litt\u00f6m\u00e4sti s\u00e4hk\u00f6postilla osoitteeseen info@noshout.fi.<br \/>\nIlmoitus virheellisest\u00e4 toimituksesta tai viallisesta tuotteesta on teht\u00e4v\u00e4 heti tuotteen vastaanottamisesta.<br \/>\nJos paketti on vioittunut kuljetuksessa, on tuotteesta teht\u00e4v\u00e4 v\u00e4litt\u00f6m\u00e4sti reklamaatio postiin tai kuljetusyritykselle.<\/p>\n<p><strong>Jos on kysytt\u00e4v\u00e4\u00e4, ota yhteytt\u00e4<\/strong><br \/>\ninfo@noshout.fi tai soita +358 407 059 796<\/p>\n\t\t<\/div>\n\t\t\t\t\n<style>\n#col-1693420082 > .col-inner {\n  margin: 30px 0px 0px 0px;\n}\n<\/style>\n\t<\/div>\n\n\t\n<\/div>\n","protected":false},"excerpt":{"rendered":"","protected":false},"author":2,"featured_media":0,"parent":0,"menu_order":0,"comment_status":"closed","ping_status":"closed","template":"page-blank.php","meta":{"footnotes":""},"class_list":["post-766","page","type-page","status-publish","hentry"],"jetpack_sharing_enabled":true,"_links":{"self":[{"href":"https:\/\/www.noshout.fi\/fi\/wp-json\/wp\/v2\/pages\/766","targetHints":{"allow":["GET"]}}],"collection":[{"href":"https:\/\/www.noshout.fi\/fi\/wp-json\/wp\/v2\/pages"}],"about":[{"href":"https:\/\/www.noshout.fi\/fi\/wp-json\/wp\/v2\/types\/page"}],"author":[{"embeddable":true,"href":"https:\/\/www.noshout.fi\/fi\/wp-json\/wp\/v2\/users\/2"}],"replies":[{"embeddable":true,"href":"https:\/\/www.noshout.fi\/fi\/wp-json\/wp\/v2\/comments?post=766"}],"version-history":[{"count":3,"href":"https:\/\/www.noshout.fi\/fi\/wp-json\/wp\/v2\/pages\/766\/revisions"}],"predecessor-version":[{"id":778,"href":"https:\/\/www.noshout.fi\/fi\/wp-json\/wp\/v2\/pages\/766\/revisions\/778"}],"wp:attachment":[{"href":"https:\/\/www.noshout.fi\/fi\/wp-json\/wp\/v2\/media?parent=766"}],"curies":[{"name":"wp","href":"https:\/\/api.w.org\/{rel}","templated":true}]}}